{"id":741,"date":"2023-11-26T09:05:22","date_gmt":"2023-11-26T09:05:22","guid":{"rendered":"https:\/\/zlatnabobica.rs\/?post_type=product&#038;p=741"},"modified":"2025-02-04T09:47:00","modified_gmt":"2025-02-04T09:47:00","slug":"paket-triologija","status":"publish","type":"product","link":"https:\/\/zlatnabobica.rs\/sr\/\u043f\u0440\u043e\u0438\u0437\u0432\u043e\u0434\/paket-triologija\/","title":{"rendered":"PAKET TRIOLOGIJA"},"content":{"rendered":"<p>Paket se sastoji od na\u0161a 3 proizvoda:<\/p>\n<ul>\n<li><a href=\"https:\/\/zlatnabobica.rs\/sr\/\u043f\u0440\u043e\u0438\u0437\u0432\u043e\u0434\/ekstra-dzem-od-borovnica-bez-dodatog-secera-300g\/\">EKSTRA D\u017dEM od borovnica 300g (bez dodatog \u0161e\u0107era)<\/a><\/li>\n<li>EKSTRA D\u017dEM od borovnica 350g (tradicionalna receptura sa smanjenim udelom \u0161e\u0107era)<\/li>\n<li><a href=\"https:\/\/zlatnabobica.rs\/sr\/\u043f\u0440\u043e\u0438\u0437\u0432\u043e\u0434\/sok-od-borovnice-750ml\/\">SOK od borovnice 750ml (bez dodatog \u0161e\u0107era)<\/a><\/li>\n<\/ul>\n<p>U\u017eivajte u neodoljivoj harmoniji ukusa i zdravlja sa na\u0161im ekskluzivnim Paketom Trilogija, koji donosi autenti\u010dnu esenciju borovnice u tri razli\u010dita oblika. Ovaj posebno odabrani trio savr\u0161eno kombinuje tradicionalnu recepturu, zdravstvene benefite i neodoljivu sve\u017einu, \u010dine\u0107i va\u0161e trenutke jo\u0161 posebnijim.<\/p>\n<p><strong>EKSTRA D\u017dEM od borovnica &#8211; Bez dodatog \u0161e\u0107era:<\/strong> Do\u017eivite intenzivan ukus borovnica u svakom zalogaju, bez vi\u0161ka \u0161e\u0107era. Na\u0161 Ekstra D\u017eem od borovnica pru\u017ea pravu eksploziju vo\u0107nog bogatstva, \u010duvaju\u0107i autenti\u010dnost vo\u0107a i pritom pridono\u0161\u0107i va\u0161em zdravlju. Bez dodatog \u0161e\u0107era, ova poslastica zadovoljava va\u0161u slatku \u017eelju na najprirodniji mogu\u0107i na\u010din. Savr\u0161ena za sve pala\u010dinke,<\/p>\n<p><strong><a href=\"https:\/\/zlatnabobica.rs\/sr\/\u043f\u0440\u043e\u0438\u0437\u0432\u043e\u0434\/ekstra-dzem-od-borovnica-350g\/\">EKSTRA D\u017dEM od borovnica &#8211; Tradicionalna receptura sa smanjenim udelom \u0161e\u0107era<\/a>:<\/strong> Ovaj provereni favorit sa smanjenim udelom \u0161e\u0107era predstavlja idealan spoj tradicionalne recepture i modernih wellness trendova. Osetite puno\u0107u ukusa borovnica u svakom gutljaju, uz dodatni benefit smanjenog unosa \u0161e\u0107era. Savr\u0161en izbor za one koji \u017eele u\u017eivati u klasi\u010dnom ukusu sa dodatnim fokusom na zdravlje.<\/p>\n<p><strong>SOK od borovnice &#8211; Bez dodatog \u0161e\u0107era:<\/strong> Osve\u017eite svoje \u010dulo ukusa sa na\u0161im Sokom od borovnice, bez ikakvih dodataka \u0161e\u0107era. Sa sve\u017einom vo\u0107a zadr\u017eanom u svakom gutljaju, ovaj sok donosi \u010dist u\u017eitak i revitalizaciju. Sna\u017ean antioksidativni potencijal borovnice pru\u017ea dodatnu vrednost va\u0161em svakodnevnom unosu te\u010dnosti.<\/p>\n<section class=\"elementor-section elementor-top-section elementor-element elementor-element-3eac23b4 elementor-section-boxed elementor-section-height-default elementor-section-height-default\" data-id=\"3eac23b4\" data-element_type=\"section\" data-settings=\"{&quot;_ha_eqh_enable&quot;:false}\">\n<div class=\"elementor-container elementor-column-gap-default\">\n<div class=\"elementor-column elementor-col-100 elementor-top-column elementor-element elementor-element-86a2089\" data-id=\"86a2089\" data-element_type=\"column\">\n<div class=\"elementor-widget-wrap elementor-element-populated\">\n<div class=\"elementor-element elementor-element-133477f7 elementor-widget elementor-widget-wl-single-product-description\" data-id=\"133477f7\" data-element_type=\"widget\" data-widget_type=\"wl-single-product-description.default\">\n<div class=\"elementor-widget-container\">\n<div class=\"woocommerce_product_description\"><\/div>\n<\/div>\n<\/div>\n<\/div>\n<\/div>\n<\/div>\n<\/section>\n<section class=\"elementor-section elementor-top-section elementor-element elementor-element-c2b9147 elementor-section-boxed elementor-section-height-default elementor-section-height-default\" data-id=\"c2b9147\" data-element_type=\"section\" data-settings=\"{&quot;_ha_eqh_enable&quot;:false}\">\n<div class=\"elementor-container elementor-column-gap-default\">\n<div class=\"elementor-column elementor-col-100 elementor-top-column elementor-element elementor-element-c3910b6\" data-id=\"c3910b6\" data-element_type=\"column\">\n<div class=\"elementor-widget-wrap elementor-element-populated\">\n<div class=\"elementor-element elementor-element-9b5a15d elementor-widget elementor-widget-heading\" data-id=\"9b5a15d\" data-element_type=\"widget\" data-widget_type=\"heading.default\">\n<div class=\"elementor-widget-container\"><\/div>\n<\/div>\n<\/div>\n<\/div>\n<\/div>\n<\/section>","protected":false},"excerpt":{"rendered":"<ul>\n<li>EKSTRA D\u017dEM od borovnica 300g (bez dodatog \u0161e\u0107era)<\/li>\n<li>Tradicionalna receptura sa smanjenim udelom \u0161e\u0107era 350g<\/li>\n<li>SOK od borovnice 750ml (bez dodatog \u0161e\u0107era)<\/li>\n<\/ul>","protected":false},"featured_media":1200,"comment_status":"closed","ping_status":"closed","template":"","meta":{"site-sidebar-layout":"default","site-content-layout":"","ast-site-content-layout":"default","site-content-style":"default","site-sidebar-style":"default","ast-global-header-display":"","ast-banner-title-visibility":"","ast-main-header-display":"","ast-hfb-above-header-display":"","ast-hfb-below-header-display":"","ast-hfb-mobile-header-display":"","site-post-title":"","ast-breadcrumbs-content":"","ast-featured-img":"","footer-sml-layout":"","theme-transparent-header-meta":"default","adv-header-id-meta":"","stick-header-meta":"","header-above-stick-meta":"","header-main-stick-meta":"","header-below-stick-meta":"","astra-migrate-meta-layouts":"set","ast-page-background-enabled":"default","ast-page-background-meta":{"desktop":{"background-color":"var(--ast-global-color-4)","background-image":"","background-repeat":"repeat","background-position":"center center","background-size":"auto","background-attachment":"scroll","background-type":"","background-media":"","overlay-type":"","overlay-color":"","overlay-opacity":"","overlay-gradient":""},"tablet":{"background-color":"","background-image":"","background-repeat":"repeat","background-position":"center center","background-size":"auto","background-attachment":"scroll","background-type":"","background-media":"","overlay-type":"","overlay-color":"","overlay-opacity":"","overlay-gradient":""},"mobile":{"background-color":"","background-image":"","background-repeat":"repeat","background-position":"center center","background-size":"auto","background-attachment":"scroll","background-type":"","background-media":"","overlay-type":"","overlay-color":"","overlay-opacity":"","overlay-gradient":""}},"ast-content-background-meta":{"desktop":{"background-color":"var(--ast-global-color-5)","background-image":"","background-repeat":"repeat","background-position":"center center","background-size":"auto","background-attachment":"scroll","background-type":"","background-media":"","overlay-type":"","overlay-color":"","overlay-opacity":"","overlay-gradient":""},"tablet":{"background-color":"var(--ast-global-color-5)","background-image":"","background-repeat":"repeat","background-position":"center center","background-size":"auto","background-attachment":"scroll","background-type":"","background-media":"","overlay-type":"","overlay-color":"","overlay-opacity":"","overlay-gradient":""},"mobile":{"background-color":"var(--ast-global-color-5)","background-image":"","background-repeat":"repeat","background-position":"center center","background-size":"auto","background-attachment":"scroll","background-type":"","background-media":"","overlay-type":"","overlay-color":"","overlay-opacity":"","overlay-gradient":""}}},"product_brand":[],"product_cat":[19],"product_tag":[],"class_list":{"0":"post-741","1":"product","2":"type-product","3":"status-publish","4":"has-post-thumbnail","6":"product_cat-paketi","7":"desktop-align-center","8":"tablet-align-left","9":"mobile-align-left","11":"first","12":"instock","13":"sale","14":"taxable","15":"shipping-taxable","16":"purchasable","17":"product-type-simple"},"yoast_head":"<!-- This site is optimized with the Yoast SEO plugin v25.1 - https:\/\/yoast.com\/wordpress\/plugins\/seo\/ -->\n<title>PAKET TRIOLOGIJA - Zlatna bobica<\/title>\n<meta name=\"robots\" content=\"index, follow, max-snippet:-1, max-image-preview:large, max-video-preview:-1\" \/>\n<link rel=\"canonical\" href=\"https:\/\/zlatnabobica.rs\/sr\/\u043f\u0440\u043e\u0438\u0437\u0432\u043e\u0434\/paket-triologija\/\" \/>\n<meta property=\"og:locale\" content=\"sr_RS\" \/>\n<meta property=\"og:type\" content=\"article\" \/>\n<meta property=\"og:title\" content=\"PAKET TRIOLOGIJA - Zlatna bobica\" \/>\n<meta property=\"og:description\" content=\"EKSTRA D\u017dEM od borovnica 300g (bez dodatog \u0161e\u0107era)  Tradicionalna receptura sa smanjenim udelom \u0161e\u0107era 350g  SOK od borovnice 750ml (bez dodatog \u0161e\u0107era)\" \/>\n<meta property=\"og:url\" content=\"https:\/\/zlatnabobica.rs\/sr\/\u043f\u0440\u043e\u0438\u0437\u0432\u043e\u0434\/paket-triologija\/\" \/>\n<meta property=\"og:site_name\" content=\"Zlatna bobica\" \/>\n<meta property=\"article:publisher\" content=\"https:\/\/www.facebook.com\/profile.php?id=61550109895476\" \/>\n<meta property=\"article:modified_time\" content=\"2025-02-04T09:47:00+00:00\" \/>\n<meta property=\"og:image\" content=\"https:\/\/zlatnabobica.rs\/wp-content\/uploads\/2023\/11\/PAKET_TRIOLOGIJA.png\" \/>\n\t<meta property=\"og:image:width\" content=\"1080\" \/>\n\t<meta property=\"og:image:height\" content=\"1080\" \/>\n\t<meta property=\"og:image:type\" content=\"image\/png\" \/>\n<meta name=\"twitter:card\" content=\"summary_large_image\" \/>\n<meta name=\"twitter:label1\" content=\"\u041f\u0440\u043e\u0446\u0435\u045a\u0435\u043d\u043e \u0432\u0440\u0435\u043c\u0435 \u0447\u0438\u0442\u0430\u045a\u0430\" \/>\n\t<meta name=\"twitter:data1\" content=\"2 \u043c\u0438\u043d\u0443\u0442\u0430\" \/>\n<script type=\"application\/ld+json\" class=\"yoast-schema-graph\">{\"@context\":\"https:\/\/schema.org\",\"@graph\":[{\"@type\":\"WebPage\",\"@id\":\"https:\/\/zlatnabobica.rs\/product\/paket-triologija\/\",\"url\":\"https:\/\/zlatnabobica.rs\/product\/paket-triologija\/\",\"name\":\"PAKET TRIOLOGIJA - Zlatna bobica\",\"isPartOf\":{\"@id\":\"https:\/\/zlatnabobica.rs\/#website\"},\"primaryImageOfPage\":{\"@id\":\"https:\/\/zlatnabobica.rs\/product\/paket-triologija\/#primaryimage\"},\"image\":{\"@id\":\"https:\/\/zlatnabobica.rs\/product\/paket-triologija\/#primaryimage\"},\"thumbnailUrl\":\"https:\/\/zlatnabobica.rs\/wp-content\/uploads\/2023\/11\/PAKET_TRIOLOGIJA.png\",\"datePublished\":\"2023-11-26T09:05:22+00:00\",\"dateModified\":\"2025-02-04T09:47:00+00:00\",\"breadcrumb\":{\"@id\":\"https:\/\/zlatnabobica.rs\/product\/paket-triologija\/#breadcrumb\"},\"inLanguage\":\"sr-RS\",\"potentialAction\":[{\"@type\":\"ReadAction\",\"target\":[\"https:\/\/zlatnabobica.rs\/product\/paket-triologija\/\"]}]},{\"@type\":\"ImageObject\",\"inLanguage\":\"sr-RS\",\"@id\":\"https:\/\/zlatnabobica.rs\/product\/paket-triologija\/#primaryimage\",\"url\":\"https:\/\/zlatnabobica.rs\/wp-content\/uploads\/2023\/11\/PAKET_TRIOLOGIJA.png\",\"contentUrl\":\"https:\/\/zlatnabobica.rs\/wp-content\/uploads\/2023\/11\/PAKET_TRIOLOGIJA.png\",\"width\":1080,\"height\":1080},{\"@type\":\"BreadcrumbList\",\"@id\":\"https:\/\/zlatnabobica.rs\/product\/paket-triologija\/#breadcrumb\",\"itemListElement\":[{\"@type\":\"ListItem\",\"position\":1,\"name\":\"Home\",\"item\":\"https:\/\/zlatnabobica.rs\/\"},{\"@type\":\"ListItem\",\"position\":2,\"name\":\"Shop\",\"item\":\"https:\/\/zlatnabobica.rs\/shop\/\"},{\"@type\":\"ListItem\",\"position\":3,\"name\":\"PAKET TRIOLOGIJA\"}]},{\"@type\":\"WebSite\",\"@id\":\"https:\/\/zlatnabobica.rs\/#website\",\"url\":\"https:\/\/zlatnabobica.rs\/\",\"name\":\"Zlatna bobica\",\"description\":\"premium proizvodi\",\"publisher\":{\"@id\":\"https:\/\/zlatnabobica.rs\/#organization\"},\"potentialAction\":[{\"@type\":\"SearchAction\",\"target\":{\"@type\":\"EntryPoint\",\"urlTemplate\":\"https:\/\/zlatnabobica.rs\/?s={search_term_string}\"},\"query-input\":{\"@type\":\"PropertyValueSpecification\",\"valueRequired\":true,\"valueName\":\"search_term_string\"}}],\"inLanguage\":\"sr-RS\"},{\"@type\":\"Organization\",\"@id\":\"https:\/\/zlatnabobica.rs\/#organization\",\"name\":\"Zlatna bobica\",\"alternateName\":\"ru\u010dno ubrano ru\u010dno pripremljeno\",\"url\":\"https:\/\/zlatnabobica.rs\/\",\"logo\":{\"@type\":\"ImageObject\",\"inLanguage\":\"sr-RS\",\"@id\":\"https:\/\/zlatnabobica.rs\/#\/schema\/logo\/image\/\",\"url\":\"https:\/\/zlatnabobica.rs\/wp-content\/uploads\/2023\/11\/cropped-zlatna_bobica_logo_final_finala_single2.webp\",\"contentUrl\":\"https:\/\/zlatnabobica.rs\/wp-content\/uploads\/2023\/11\/cropped-zlatna_bobica_logo_final_finala_single2.webp\",\"width\":600,\"height\":304,\"caption\":\"Zlatna bobica\"},\"image\":{\"@id\":\"https:\/\/zlatnabobica.rs\/#\/schema\/logo\/image\/\"},\"sameAs\":[\"https:\/\/www.facebook.com\/profile.php?id=61550109895476\",\"https:\/\/www.instagram.com\/zlatna_bobica\/\"]}]}<\/script>\n<!-- \/ Yoast SEO plugin. -->","yoast_head_json":{"title":"PAKET TRIOLOGIJA - Zlatna bobica","robots":{"index":"index","follow":"follow","max-snippet":"max-snippet:-1","max-image-preview":"max-image-preview:large","max-video-preview":"max-video-preview:-1"},"canonical":"https:\/\/zlatnabobica.rs\/sr\/\u043f\u0440\u043e\u0438\u0437\u0432\u043e\u0434\/paket-triologija\/","og_locale":"sr_RS","og_type":"article","og_title":"PAKET TRIOLOGIJA - Zlatna bobica","og_description":"EKSTRA D\u017dEM od borovnica 300g (bez dodatog \u0161e\u0107era)  Tradicionalna receptura sa smanjenim udelom \u0161e\u0107era 350g  SOK od borovnice 750ml (bez dodatog \u0161e\u0107era)","og_url":"https:\/\/zlatnabobica.rs\/sr\/\u043f\u0440\u043e\u0438\u0437\u0432\u043e\u0434\/paket-triologija\/","og_site_name":"Zlatna bobica","article_publisher":"https:\/\/www.facebook.com\/profile.php?id=61550109895476","article_modified_time":"2025-02-04T09:47:00+00:00","og_image":[{"width":1080,"height":1080,"url":"https:\/\/zlatnabobica.rs\/wp-content\/uploads\/2023\/11\/PAKET_TRIOLOGIJA.png","type":"image\/png"}],"twitter_card":"summary_large_image","twitter_misc":{"\u041f\u0440\u043e\u0446\u0435\u045a\u0435\u043d\u043e \u0432\u0440\u0435\u043c\u0435 \u0447\u0438\u0442\u0430\u045a\u0430":"2 \u043c\u0438\u043d\u0443\u0442\u0430"},"schema":{"@context":"https:\/\/schema.org","@graph":[{"@type":"WebPage","@id":"https:\/\/zlatnabobica.rs\/product\/paket-triologija\/","url":"https:\/\/zlatnabobica.rs\/product\/paket-triologija\/","name":"PAKET TRIOLOGIJA - Zlatna bobica","isPartOf":{"@id":"https:\/\/zlatnabobica.rs\/#website"},"primaryImageOfPage":{"@id":"https:\/\/zlatnabobica.rs\/product\/paket-triologija\/#primaryimage"},"image":{"@id":"https:\/\/zlatnabobica.rs\/product\/paket-triologija\/#primaryimage"},"thumbnailUrl":"https:\/\/zlatnabobica.rs\/wp-content\/uploads\/2023\/11\/PAKET_TRIOLOGIJA.png","datePublished":"2023-11-26T09:05:22+00:00","dateModified":"2025-02-04T09:47:00+00:00","breadcrumb":{"@id":"https:\/\/zlatnabobica.rs\/product\/paket-triologija\/#breadcrumb"},"inLanguage":"sr-RS","potentialAction":[{"@type":"ReadAction","target":["https:\/\/zlatnabobica.rs\/product\/paket-triologija\/"]}]},{"@type":"ImageObject","inLanguage":"sr-RS","@id":"https:\/\/zlatnabobica.rs\/product\/paket-triologija\/#primaryimage","url":"https:\/\/zlatnabobica.rs\/wp-content\/uploads\/2023\/11\/PAKET_TRIOLOGIJA.png","contentUrl":"https:\/\/zlatnabobica.rs\/wp-content\/uploads\/2023\/11\/PAKET_TRIOLOGIJA.png","width":1080,"height":1080},{"@type":"BreadcrumbList","@id":"https:\/\/zlatnabobica.rs\/product\/paket-triologija\/#breadcrumb","itemListElement":[{"@type":"ListItem","position":1,"name":"Home","item":"https:\/\/zlatnabobica.rs\/"},{"@type":"ListItem","position":2,"name":"Shop","item":"https:\/\/zlatnabobica.rs\/shop\/"},{"@type":"ListItem","position":3,"name":"PAKET TRIOLOGIJA"}]},{"@type":"WebSite","@id":"https:\/\/zlatnabobica.rs\/#website","url":"https:\/\/zlatnabobica.rs\/","name":"Zlatna bobica","description":"premium proizvodi","publisher":{"@id":"https:\/\/zlatnabobica.rs\/#organization"},"potentialAction":[{"@type":"SearchAction","target":{"@type":"EntryPoint","urlTemplate":"https:\/\/zlatnabobica.rs\/?s={search_term_string}"},"query-input":{"@type":"PropertyValueSpecification","valueRequired":true,"valueName":"search_term_string"}}],"inLanguage":"sr-RS"},{"@type":"Organization","@id":"https:\/\/zlatnabobica.rs\/#organization","name":"Zlatna bobica","alternateName":"ru\u010dno ubrano ru\u010dno pripremljeno","url":"https:\/\/zlatnabobica.rs\/","logo":{"@type":"ImageObject","inLanguage":"sr-RS","@id":"https:\/\/zlatnabobica.rs\/#\/schema\/logo\/image\/","url":"https:\/\/zlatnabobica.rs\/wp-content\/uploads\/2023\/11\/cropped-zlatna_bobica_logo_final_finala_single2.webp","contentUrl":"https:\/\/zlatnabobica.rs\/wp-content\/uploads\/2023\/11\/cropped-zlatna_bobica_logo_final_finala_single2.webp","width":600,"height":304,"caption":"Zlatna bobica"},"image":{"@id":"https:\/\/zlatnabobica.rs\/#\/schema\/logo\/image\/"},"sameAs":["https:\/\/www.facebook.com\/profile.php?id=61550109895476","https:\/\/www.instagram.com\/zlatna_bobica\/"]}]}},"_links":{"self":[{"href":"https:\/\/zlatnabobica.rs\/sr\/wp-json\/wp\/v2\/product\/741","targetHints":{"allow":["GET"]}}],"collection":[{"href":"https:\/\/zlatnabobica.rs\/sr\/wp-json\/wp\/v2\/product"}],"about":[{"href":"https:\/\/zlatnabobica.rs\/sr\/wp-json\/wp\/v2\/types\/product"}],"replies":[{"embeddable":true,"href":"https:\/\/zlatnabobica.rs\/sr\/wp-json\/wp\/v2\/comments?post=741"}],"wp:featuredmedia":[{"embeddable":true,"href":"https:\/\/zlatnabobica.rs\/sr\/wp-json\/wp\/v2\/media\/1200"}],"wp:attachment":[{"href":"https:\/\/zlatnabobica.rs\/sr\/wp-json\/wp\/v2\/media?parent=741"}],"wp:term":[{"taxonomy":"product_brand","embeddable":true,"href":"https:\/\/zlatnabobica.rs\/sr\/wp-json\/wp\/v2\/product_brand?post=741"},{"taxonomy":"product_cat","embeddable":true,"href":"https:\/\/zlatnabobica.rs\/sr\/wp-json\/wp\/v2\/product_cat?post=741"},{"taxonomy":"product_tag","embeddable":true,"href":"https:\/\/zlatnabobica.rs\/sr\/wp-json\/wp\/v2\/product_tag?post=741"}],"curies":[{"name":"wp","href":"https:\/\/api.w.org\/{rel}","templated":true}]}}