{"id":736,"date":"2023-11-25T08:28:06","date_gmt":"2023-11-25T08:28:06","guid":{"rendered":"https:\/\/zlatnabobica.rs\/?post_type=product&#038;p=736"},"modified":"2025-02-03T15:41:11","modified_gmt":"2025-02-03T15:41:11","slug":"paket-6-sokova","status":"publish","type":"product","link":"https:\/\/zlatnabobica.rs\/sr\/\u043f\u0440\u043e\u0438\u0437\u0432\u043e\u0434\/paket-6-sokova\/","title":{"rendered":"PAKET 6 SOKOVA"},"content":{"rendered":"<p><strong>Paket od 6 sokova (1 sok = 750 ml).\u00a0\u00a0<\/strong>Sa pa\u017eljivo odabranim borovnicama, ovaj sok osigurava autenti\u010dnost prirodnog vo\u0107a bez dodatih \u0161e\u0107era ili ve\u0161ta\u010dkih aditiva.\u00a0 Za celu porodicu!<\/p>\n<p>100% U\u017dIVANJE u punom ukusu na\u0161e premium borovnice! Bez dodatog \u0161e\u0107era. 100% vo\u0107e<\/p>","protected":false},"excerpt":{"rendered":"<p>100% u\u017eivanje u punom ukusu na\u0161e premium borovnice u <strong>pakovanju od 6 komada<\/strong>.<\/p>","protected":false},"featured_media":1197,"comment_status":"closed","ping_status":"closed","template":"","meta":{"site-sidebar-layout":"default","site-content-layout":"","ast-site-content-layout":"default","site-content-style":"default","site-sidebar-style":"default","ast-global-header-display":"","ast-banner-title-visibility":"","ast-main-header-display":"","ast-hfb-above-header-display":"","ast-hfb-below-header-display":"","ast-hfb-mobile-header-display":"","site-post-title":"","ast-breadcrumbs-content":"","ast-featured-img":"","footer-sml-layout":"","theme-transparent-header-meta":"default","adv-header-id-meta":"","stick-header-meta":"","header-above-stick-meta":"","header-main-stick-meta":"","header-below-stick-meta":"","astra-migrate-meta-layouts":"set","ast-page-background-enabled":"default","ast-page-background-meta":{"desktop":{"background-color":"var(--ast-global-color-4)","background-image":"","background-repeat":"repeat","background-position":"center center","background-size":"auto","background-attachment":"scroll","background-type":"","background-media":"","overlay-type":"","overlay-color":"","overlay-opacity":"","overlay-gradient":""},"tablet":{"background-color":"","background-image":"","background-repeat":"repeat","background-position":"center center","background-size":"auto","background-attachment":"scroll","background-type":"","background-media":"","overlay-type":"","overlay-color":"","overlay-opacity":"","overlay-gradient":""},"mobile":{"background-color":"","background-image":"","background-repeat":"repeat","background-position":"center center","background-size":"auto","background-attachment":"scroll","background-type":"","background-media":"","overlay-type":"","overlay-color":"","overlay-opacity":"","overlay-gradient":""}},"ast-content-background-meta":{"desktop":{"background-color":"var(--ast-global-color-5)","background-image":"","background-repeat":"repeat","background-position":"center center","background-size":"auto","background-attachment":"scroll","background-type":"","background-media":"","overlay-type":"","overlay-color":"","overlay-opacity":"","overlay-gradient":""},"tablet":{"background-color":"var(--ast-global-color-5)","background-image":"","background-repeat":"repeat","background-position":"center center","background-size":"auto","background-attachment":"scroll","background-type":"","background-media":"","overlay-type":"","overlay-color":"","overlay-opacity":"","overlay-gradient":""},"mobile":{"background-color":"var(--ast-global-color-5)","background-image":"","background-repeat":"repeat","background-position":"center center","background-size":"auto","background-attachment":"scroll","background-type":"","background-media":"","overlay-type":"","overlay-color":"","overlay-opacity":"","overlay-gradient":""}}},"product_brand":[],"product_cat":[19],"product_tag":[],"class_list":{"0":"post-736","1":"product","2":"type-product","3":"status-publish","4":"has-post-thumbnail","6":"product_cat-paketi","7":"desktop-align-center","8":"tablet-align-left","9":"mobile-align-left","11":"first","12":"instock","13":"sale","14":"taxable","15":"shipping-taxable","16":"purchasable","17":"product-type-simple"},"yoast_head":"<!-- This site is optimized with the Yoast SEO plugin v25.1 - https:\/\/yoast.com\/wordpress\/plugins\/seo\/ -->\n<title>PAKET 6 SOKOVA - Zlatna bobica<\/title>\n<meta name=\"robots\" content=\"index, follow, max-snippet:-1, max-image-preview:large, max-video-preview:-1\" \/>\n<link rel=\"canonical\" href=\"https:\/\/zlatnabobica.rs\/sr\/\u043f\u0440\u043e\u0438\u0437\u0432\u043e\u0434\/paket-6-sokova\/\" \/>\n<meta property=\"og:locale\" content=\"sr_RS\" \/>\n<meta property=\"og:type\" content=\"article\" \/>\n<meta property=\"og:title\" content=\"PAKET 6 SOKOVA - Zlatna bobica\" \/>\n<meta property=\"og:description\" content=\"100% u\u017eivanje u punom ukusu na\u0161e premium borovnice u pakovanju od 6 komada.\" \/>\n<meta property=\"og:url\" content=\"https:\/\/zlatnabobica.rs\/sr\/\u043f\u0440\u043e\u0438\u0437\u0432\u043e\u0434\/paket-6-sokova\/\" \/>\n<meta property=\"og:site_name\" content=\"Zlatna bobica\" \/>\n<meta property=\"article:publisher\" content=\"https:\/\/www.facebook.com\/profile.php?id=61550109895476\" \/>\n<meta property=\"article:modified_time\" content=\"2025-02-03T15:41:11+00:00\" \/>\n<meta property=\"og:image\" content=\"https:\/\/zlatnabobica.rs\/wp-content\/uploads\/2023\/11\/PAKET_6_SOKOVA2.png\" \/>\n\t<meta property=\"og:image:width\" content=\"1080\" \/>\n\t<meta property=\"og:image:height\" content=\"1080\" \/>\n\t<meta property=\"og:image:type\" content=\"image\/png\" \/>\n<meta name=\"twitter:card\" content=\"summary_large_image\" \/>\n<meta name=\"twitter:label1\" content=\"\u041f\u0440\u043e\u0446\u0435\u045a\u0435\u043d\u043e \u0432\u0440\u0435\u043c\u0435 \u0447\u0438\u0442\u0430\u045a\u0430\" \/>\n\t<meta name=\"twitter:data1\" content=\"1 \u043c\u0438\u043d\u0443\u0442\" \/>\n<script type=\"application\/ld+json\" class=\"yoast-schema-graph\">{\"@context\":\"https:\/\/schema.org\",\"@graph\":[{\"@type\":\"WebPage\",\"@id\":\"https:\/\/zlatnabobica.rs\/product\/paket-6-sokova\/\",\"url\":\"https:\/\/zlatnabobica.rs\/product\/paket-6-sokova\/\",\"name\":\"PAKET 6 SOKOVA - Zlatna bobica\",\"isPartOf\":{\"@id\":\"https:\/\/zlatnabobica.rs\/#website\"},\"primaryImageOfPage\":{\"@id\":\"https:\/\/zlatnabobica.rs\/product\/paket-6-sokova\/#primaryimage\"},\"image\":{\"@id\":\"https:\/\/zlatnabobica.rs\/product\/paket-6-sokova\/#primaryimage\"},\"thumbnailUrl\":\"https:\/\/zlatnabobica.rs\/wp-content\/uploads\/2023\/11\/PAKET_6_SOKOVA2.png\",\"datePublished\":\"2023-11-25T08:28:06+00:00\",\"dateModified\":\"2025-02-03T15:41:11+00:00\",\"breadcrumb\":{\"@id\":\"https:\/\/zlatnabobica.rs\/product\/paket-6-sokova\/#breadcrumb\"},\"inLanguage\":\"sr-RS\",\"potentialAction\":[{\"@type\":\"ReadAction\",\"target\":[\"https:\/\/zlatnabobica.rs\/product\/paket-6-sokova\/\"]}]},{\"@type\":\"ImageObject\",\"inLanguage\":\"sr-RS\",\"@id\":\"https:\/\/zlatnabobica.rs\/product\/paket-6-sokova\/#primaryimage\",\"url\":\"https:\/\/zlatnabobica.rs\/wp-content\/uploads\/2023\/11\/PAKET_6_SOKOVA2.png\",\"contentUrl\":\"https:\/\/zlatnabobica.rs\/wp-content\/uploads\/2023\/11\/PAKET_6_SOKOVA2.png\",\"width\":1080,\"height\":1080},{\"@type\":\"BreadcrumbList\",\"@id\":\"https:\/\/zlatnabobica.rs\/product\/paket-6-sokova\/#breadcrumb\",\"itemListElement\":[{\"@type\":\"ListItem\",\"position\":1,\"name\":\"Home\",\"item\":\"https:\/\/zlatnabobica.rs\/\"},{\"@type\":\"ListItem\",\"position\":2,\"name\":\"Shop\",\"item\":\"https:\/\/zlatnabobica.rs\/shop\/\"},{\"@type\":\"ListItem\",\"position\":3,\"name\":\"PAKET 6 SOKOVA\"}]},{\"@type\":\"WebSite\",\"@id\":\"https:\/\/zlatnabobica.rs\/#website\",\"url\":\"https:\/\/zlatnabobica.rs\/\",\"name\":\"Zlatna bobica\",\"description\":\"premium proizvodi\",\"publisher\":{\"@id\":\"https:\/\/zlatnabobica.rs\/#organization\"},\"potentialAction\":[{\"@type\":\"SearchAction\",\"target\":{\"@type\":\"EntryPoint\",\"urlTemplate\":\"https:\/\/zlatnabobica.rs\/?s={search_term_string}\"},\"query-input\":{\"@type\":\"PropertyValueSpecification\",\"valueRequired\":true,\"valueName\":\"search_term_string\"}}],\"inLanguage\":\"sr-RS\"},{\"@type\":\"Organization\",\"@id\":\"https:\/\/zlatnabobica.rs\/#organization\",\"name\":\"Zlatna bobica\",\"alternateName\":\"ru\u010dno ubrano ru\u010dno pripremljeno\",\"url\":\"https:\/\/zlatnabobica.rs\/\",\"logo\":{\"@type\":\"ImageObject\",\"inLanguage\":\"sr-RS\",\"@id\":\"https:\/\/zlatnabobica.rs\/#\/schema\/logo\/image\/\",\"url\":\"https:\/\/zlatnabobica.rs\/wp-content\/uploads\/2023\/11\/cropped-zlatna_bobica_logo_final_finala_single2.webp\",\"contentUrl\":\"https:\/\/zlatnabobica.rs\/wp-content\/uploads\/2023\/11\/cropped-zlatna_bobica_logo_final_finala_single2.webp\",\"width\":600,\"height\":304,\"caption\":\"Zlatna bobica\"},\"image\":{\"@id\":\"https:\/\/zlatnabobica.rs\/#\/schema\/logo\/image\/\"},\"sameAs\":[\"https:\/\/www.facebook.com\/profile.php?id=61550109895476\",\"https:\/\/www.instagram.com\/zlatna_bobica\/\"]}]}<\/script>\n<!-- \/ Yoast SEO plugin. -->","yoast_head_json":{"title":"PAKET 6 SOKOVA - Zlatna bobica","robots":{"index":"index","follow":"follow","max-snippet":"max-snippet:-1","max-image-preview":"max-image-preview:large","max-video-preview":"max-video-preview:-1"},"canonical":"https:\/\/zlatnabobica.rs\/sr\/\u043f\u0440\u043e\u0438\u0437\u0432\u043e\u0434\/paket-6-sokova\/","og_locale":"sr_RS","og_type":"article","og_title":"PAKET 6 SOKOVA - Zlatna bobica","og_description":"100% u\u017eivanje u punom ukusu na\u0161e premium borovnice u pakovanju od 6 komada.","og_url":"https:\/\/zlatnabobica.rs\/sr\/\u043f\u0440\u043e\u0438\u0437\u0432\u043e\u0434\/paket-6-sokova\/","og_site_name":"Zlatna bobica","article_publisher":"https:\/\/www.facebook.com\/profile.php?id=61550109895476","article_modified_time":"2025-02-03T15:41:11+00:00","og_image":[{"width":1080,"height":1080,"url":"https:\/\/zlatnabobica.rs\/wp-content\/uploads\/2023\/11\/PAKET_6_SOKOVA2.png","type":"image\/png"}],"twitter_card":"summary_large_image","twitter_misc":{"\u041f\u0440\u043e\u0446\u0435\u045a\u0435\u043d\u043e \u0432\u0440\u0435\u043c\u0435 \u0447\u0438\u0442\u0430\u045a\u0430":"1 \u043c\u0438\u043d\u0443\u0442"},"schema":{"@context":"https:\/\/schema.org","@graph":[{"@type":"WebPage","@id":"https:\/\/zlatnabobica.rs\/product\/paket-6-sokova\/","url":"https:\/\/zlatnabobica.rs\/product\/paket-6-sokova\/","name":"PAKET 6 SOKOVA - Zlatna bobica","isPartOf":{"@id":"https:\/\/zlatnabobica.rs\/#website"},"primaryImageOfPage":{"@id":"https:\/\/zlatnabobica.rs\/product\/paket-6-sokova\/#primaryimage"},"image":{"@id":"https:\/\/zlatnabobica.rs\/product\/paket-6-sokova\/#primaryimage"},"thumbnailUrl":"https:\/\/zlatnabobica.rs\/wp-content\/uploads\/2023\/11\/PAKET_6_SOKOVA2.png","datePublished":"2023-11-25T08:28:06+00:00","dateModified":"2025-02-03T15:41:11+00:00","breadcrumb":{"@id":"https:\/\/zlatnabobica.rs\/product\/paket-6-sokova\/#breadcrumb"},"inLanguage":"sr-RS","potentialAction":[{"@type":"ReadAction","target":["https:\/\/zlatnabobica.rs\/product\/paket-6-sokova\/"]}]},{"@type":"ImageObject","inLanguage":"sr-RS","@id":"https:\/\/zlatnabobica.rs\/product\/paket-6-sokova\/#primaryimage","url":"https:\/\/zlatnabobica.rs\/wp-content\/uploads\/2023\/11\/PAKET_6_SOKOVA2.png","contentUrl":"https:\/\/zlatnabobica.rs\/wp-content\/uploads\/2023\/11\/PAKET_6_SOKOVA2.png","width":1080,"height":1080},{"@type":"BreadcrumbList","@id":"https:\/\/zlatnabobica.rs\/product\/paket-6-sokova\/#breadcrumb","itemListElement":[{"@type":"ListItem","position":1,"name":"Home","item":"https:\/\/zlatnabobica.rs\/"},{"@type":"ListItem","position":2,"name":"Shop","item":"https:\/\/zlatnabobica.rs\/shop\/"},{"@type":"ListItem","position":3,"name":"PAKET 6 SOKOVA"}]},{"@type":"WebSite","@id":"https:\/\/zlatnabobica.rs\/#website","url":"https:\/\/zlatnabobica.rs\/","name":"Zlatna bobica","description":"premium proizvodi","publisher":{"@id":"https:\/\/zlatnabobica.rs\/#organization"},"potentialAction":[{"@type":"SearchAction","target":{"@type":"EntryPoint","urlTemplate":"https:\/\/zlatnabobica.rs\/?s={search_term_string}"},"query-input":{"@type":"PropertyValueSpecification","valueRequired":true,"valueName":"search_term_string"}}],"inLanguage":"sr-RS"},{"@type":"Organization","@id":"https:\/\/zlatnabobica.rs\/#organization","name":"Zlatna bobica","alternateName":"ru\u010dno ubrano ru\u010dno pripremljeno","url":"https:\/\/zlatnabobica.rs\/","logo":{"@type":"ImageObject","inLanguage":"sr-RS","@id":"https:\/\/zlatnabobica.rs\/#\/schema\/logo\/image\/","url":"https:\/\/zlatnabobica.rs\/wp-content\/uploads\/2023\/11\/cropped-zlatna_bobica_logo_final_finala_single2.webp","contentUrl":"https:\/\/zlatnabobica.rs\/wp-content\/uploads\/2023\/11\/cropped-zlatna_bobica_logo_final_finala_single2.webp","width":600,"height":304,"caption":"Zlatna bobica"},"image":{"@id":"https:\/\/zlatnabobica.rs\/#\/schema\/logo\/image\/"},"sameAs":["https:\/\/www.facebook.com\/profile.php?id=61550109895476","https:\/\/www.instagram.com\/zlatna_bobica\/"]}]}},"_links":{"self":[{"href":"https:\/\/zlatnabobica.rs\/sr\/wp-json\/wp\/v2\/product\/736","targetHints":{"allow":["GET"]}}],"collection":[{"href":"https:\/\/zlatnabobica.rs\/sr\/wp-json\/wp\/v2\/product"}],"about":[{"href":"https:\/\/zlatnabobica.rs\/sr\/wp-json\/wp\/v2\/types\/product"}],"replies":[{"embeddable":true,"href":"https:\/\/zlatnabobica.rs\/sr\/wp-json\/wp\/v2\/comments?post=736"}],"wp:featuredmedia":[{"embeddable":true,"href":"https:\/\/zlatnabobica.rs\/sr\/wp-json\/wp\/v2\/media\/1197"}],"wp:attachment":[{"href":"https:\/\/zlatnabobica.rs\/sr\/wp-json\/wp\/v2\/media?parent=736"}],"wp:term":[{"taxonomy":"product_brand","embeddable":true,"href":"https:\/\/zlatnabobica.rs\/sr\/wp-json\/wp\/v2\/product_brand?post=736"},{"taxonomy":"product_cat","embeddable":true,"href":"https:\/\/zlatnabobica.rs\/sr\/wp-json\/wp\/v2\/product_cat?post=736"},{"taxonomy":"product_tag","embeddable":true,"href":"https:\/\/zlatnabobica.rs\/sr\/wp-json\/wp\/v2\/product_tag?post=736"}],"curies":[{"name":"wp","href":"https:\/\/api.w.org\/{rel}","templated":true}]}}