{"id":623,"date":"2023-11-23T21:21:26","date_gmt":"2023-11-23T21:21:26","guid":{"rendered":"https:\/\/zlatnabobica.rs\/?post_type=product&#038;p=623"},"modified":"2024-10-22T11:03:34","modified_gmt":"2024-10-22T11:03:34","slug":"fit-paket","status":"publish","type":"product","link":"https:\/\/zlatnabobica.rs\/sr\/\u043f\u0440\u043e\u0438\u0437\u0432\u043e\u0434\/fit-paket\/","title":{"rendered":"FIT PAKET"},"content":{"rendered":"<p>Paket sadr\u017ei:<\/p>\n<p>2x EKSTRA D\u017dEM od borovnica 300g (bez dodatog \u0161e\u0107era)<\/p>\n<p>1x SOK od borovnice 750ml (bez dodatog \u0161e\u0107era)<\/p>\n<p>2kg SMRZNUTIH BOROVNICE<\/p>\n<section class=\"elementor-section elementor-top-section elementor-element elementor-element-3eac23b4 elementor-section-boxed elementor-section-height-default elementor-section-height-default\" data-id=\"3eac23b4\" data-element_type=\"section\" data-settings=\"{&quot;_ha_eqh_enable&quot;:false}\">\n<div class=\"elementor-container elementor-column-gap-default\">\n<div class=\"elementor-column elementor-col-100 elementor-top-column elementor-element elementor-element-86a2089\" data-id=\"86a2089\" data-element_type=\"column\">\n<div class=\"elementor-widget-wrap elementor-element-populated\">\n<div class=\"elementor-element elementor-element-133477f7 elementor-widget elementor-widget-wl-single-product-description\" data-id=\"133477f7\" data-element_type=\"widget\" data-widget_type=\"wl-single-product-description.default\">\n<div class=\"elementor-widget-container\">\n<div class=\"woocommerce_product_description\">\n<blockquote><p><em><strong><span style=\"color: #ff0000;\">Napomena:<\/span>\u00a0\u00a0<\/strong>Ovaj paket sadr\u017ei u sebi smrznute borovnice, te zbog transporta nije mogu\u0107e ovaj paket isporu\u010diti u nekom drugom mestu van Beograda.\u00a0<\/em><\/p><\/blockquote>\n<\/div>\n<\/div>\n<\/div>\n<\/div>\n<\/div>\n<\/div>\n<\/section>\n<section class=\"elementor-section elementor-top-section elementor-element elementor-element-c2b9147 elementor-section-boxed elementor-section-height-default elementor-section-height-default\" data-id=\"c2b9147\" data-element_type=\"section\" data-settings=\"{&quot;_ha_eqh_enable&quot;:false}\">\n<div class=\"elementor-container elementor-column-gap-default\">\n<div class=\"elementor-column elementor-col-100 elementor-top-column elementor-element elementor-element-c3910b6\" data-id=\"c3910b6\" data-element_type=\"column\">\n<div class=\"elementor-widget-wrap elementor-element-populated\">\n<div class=\"elementor-element elementor-element-9b5a15d elementor-widget elementor-widget-heading\" data-id=\"9b5a15d\" data-element_type=\"widget\" data-widget_type=\"heading.default\">\n<div class=\"elementor-widget-container\"><\/div>\n<\/div>\n<\/div>\n<\/div>\n<\/div>\n<\/section>","protected":false},"excerpt":{"rendered":"<ul>\n<li>2 D\u017dEMA (bez dodatog \u0161e\u0107era)<\/li>\n<li>1 SOK (bez dodatog \u0161e\u0107era)<\/li>\n<li>2kg SMRZNUTIH BOROVNICA<\/li>\n<\/ul>\n<p><em><strong>*Besplatna dostava za Beograd i Novi Sad!<\/strong><\/em><\/p>","protected":false},"featured_media":1196,"comment_status":"closed","ping_status":"closed","template":"","meta":{"site-sidebar-layout":"default","site-content-layout":"","ast-site-content-layout":"default","site-content-style":"default","site-sidebar-style":"default","ast-global-header-display":"","ast-banner-title-visibility":"","ast-main-header-display":"","ast-hfb-above-header-display":"","ast-hfb-below-header-display":"","ast-hfb-mobile-header-display":"","site-post-title":"","ast-breadcrumbs-content":"","ast-featured-img":"","footer-sml-layout":"","theme-transparent-header-meta":"default","adv-header-id-meta":"","stick-header-meta":"","header-above-stick-meta":"","header-main-stick-meta":"","header-below-stick-meta":"","astra-migrate-meta-layouts":"set","ast-page-background-enabled":"default","ast-page-background-meta":{"desktop":{"background-color":"var(--ast-global-color-4)","background-image":"","background-repeat":"repeat","background-position":"center center","background-size":"auto","background-attachment":"scroll","background-type":"","background-media":"","overlay-type":"","overlay-color":"","overlay-opacity":"","overlay-gradient":""},"tablet":{"background-color":"","background-image":"","background-repeat":"repeat","background-position":"center center","background-size":"auto","background-attachment":"scroll","background-type":"","background-media":"","overlay-type":"","overlay-color":"","overlay-opacity":"","overlay-gradient":""},"mobile":{"background-color":"","background-image":"","background-repeat":"repeat","background-position":"center center","background-size":"auto","background-attachment":"scroll","background-type":"","background-media":"","overlay-type":"","overlay-color":"","overlay-opacity":"","overlay-gradient":""}},"ast-content-background-meta":{"desktop":{"background-color":"var(--ast-global-color-5)","background-image":"","background-repeat":"repeat","background-position":"center center","background-size":"auto","background-attachment":"scroll","background-type":"","background-media":"","overlay-type":"","overlay-color":"","overlay-opacity":"","overlay-gradient":""},"tablet":{"background-color":"var(--ast-global-color-5)","background-image":"","background-repeat":"repeat","background-position":"center center","background-size":"auto","background-attachment":"scroll","background-type":"","background-media":"","overlay-type":"","overlay-color":"","overlay-opacity":"","overlay-gradient":""},"mobile":{"background-color":"var(--ast-global-color-5)","background-image":"","background-repeat":"repeat","background-position":"center center","background-size":"auto","background-attachment":"scroll","background-type":"","background-media":"","overlay-type":"","overlay-color":"","overlay-opacity":"","overlay-gradient":""}}},"product_brand":[],"product_cat":[19],"product_tag":[],"class_list":{"0":"post-623","1":"product","2":"type-product","3":"status-publish","4":"has-post-thumbnail","6":"product_cat-paketi","7":"desktop-align-center","8":"tablet-align-left","9":"mobile-align-left","11":"first","12":"instock","13":"sale","14":"taxable","15":"shipping-taxable","16":"purchasable","17":"product-type-simple"},"yoast_head":"<!-- This site is optimized with the Yoast SEO plugin v25.1 - https:\/\/yoast.com\/wordpress\/plugins\/seo\/ -->\n<title>FIT PAKET - Zlatna bobica<\/title>\n<meta name=\"robots\" content=\"index, follow, max-snippet:-1, max-image-preview:large, max-video-preview:-1\" \/>\n<link rel=\"canonical\" href=\"https:\/\/zlatnabobica.rs\/sr\/\u043f\u0440\u043e\u0438\u0437\u0432\u043e\u0434\/fit-paket\/\" \/>\n<meta property=\"og:locale\" content=\"sr_RS\" \/>\n<meta property=\"og:type\" content=\"article\" \/>\n<meta property=\"og:title\" content=\"FIT PAKET - Zlatna bobica\" \/>\n<meta property=\"og:description\" content=\"2 D\u017dEMA (bez dodatog \u0161e\u0107era)  1 SOK (bez dodatog \u0161e\u0107era)  2kg SMRZNUTIH BOROVNICA  *Besplatna dostava za Beograd i Novi Sad!\" \/>\n<meta property=\"og:url\" content=\"https:\/\/zlatnabobica.rs\/sr\/\u043f\u0440\u043e\u0438\u0437\u0432\u043e\u0434\/fit-paket\/\" \/>\n<meta property=\"og:site_name\" content=\"Zlatna bobica\" \/>\n<meta property=\"article:publisher\" content=\"https:\/\/www.facebook.com\/profile.php?id=61550109895476\" \/>\n<meta property=\"article:modified_time\" content=\"2024-10-22T11:03:34+00:00\" \/>\n<meta property=\"og:image\" content=\"https:\/\/zlatnabobica.rs\/wp-content\/uploads\/2023\/11\/FIT_PAKET-1.png\" \/>\n\t<meta property=\"og:image:width\" content=\"1080\" \/>\n\t<meta property=\"og:image:height\" content=\"1080\" \/>\n\t<meta property=\"og:image:type\" content=\"image\/png\" \/>\n<meta name=\"twitter:card\" content=\"summary_large_image\" \/>\n<meta name=\"twitter:label1\" content=\"\u041f\u0440\u043e\u0446\u0435\u045a\u0435\u043d\u043e \u0432\u0440\u0435\u043c\u0435 \u0447\u0438\u0442\u0430\u045a\u0430\" \/>\n\t<meta name=\"twitter:data1\" content=\"1 \u043c\u0438\u043d\u0443\u0442\" \/>\n<script type=\"application\/ld+json\" class=\"yoast-schema-graph\">{\"@context\":\"https:\/\/schema.org\",\"@graph\":[{\"@type\":\"WebPage\",\"@id\":\"https:\/\/zlatnabobica.rs\/product\/fit-paket\/\",\"url\":\"https:\/\/zlatnabobica.rs\/product\/fit-paket\/\",\"name\":\"FIT PAKET - Zlatna bobica\",\"isPartOf\":{\"@id\":\"https:\/\/zlatnabobica.rs\/#website\"},\"primaryImageOfPage\":{\"@id\":\"https:\/\/zlatnabobica.rs\/product\/fit-paket\/#primaryimage\"},\"image\":{\"@id\":\"https:\/\/zlatnabobica.rs\/product\/fit-paket\/#primaryimage\"},\"thumbnailUrl\":\"https:\/\/zlatnabobica.rs\/wp-content\/uploads\/2023\/11\/FIT_PAKET-1.png\",\"datePublished\":\"2023-11-23T21:21:26+00:00\",\"dateModified\":\"2024-10-22T11:03:34+00:00\",\"breadcrumb\":{\"@id\":\"https:\/\/zlatnabobica.rs\/product\/fit-paket\/#breadcrumb\"},\"inLanguage\":\"sr-RS\",\"potentialAction\":[{\"@type\":\"ReadAction\",\"target\":[\"https:\/\/zlatnabobica.rs\/product\/fit-paket\/\"]}]},{\"@type\":\"ImageObject\",\"inLanguage\":\"sr-RS\",\"@id\":\"https:\/\/zlatnabobica.rs\/product\/fit-paket\/#primaryimage\",\"url\":\"https:\/\/zlatnabobica.rs\/wp-content\/uploads\/2023\/11\/FIT_PAKET-1.png\",\"contentUrl\":\"https:\/\/zlatnabobica.rs\/wp-content\/uploads\/2023\/11\/FIT_PAKET-1.png\",\"width\":1080,\"height\":1080},{\"@type\":\"BreadcrumbList\",\"@id\":\"https:\/\/zlatnabobica.rs\/product\/fit-paket\/#breadcrumb\",\"itemListElement\":[{\"@type\":\"ListItem\",\"position\":1,\"name\":\"Home\",\"item\":\"https:\/\/zlatnabobica.rs\/\"},{\"@type\":\"ListItem\",\"position\":2,\"name\":\"Shop\",\"item\":\"https:\/\/zlatnabobica.rs\/shop\/\"},{\"@type\":\"ListItem\",\"position\":3,\"name\":\"FIT PAKET\"}]},{\"@type\":\"WebSite\",\"@id\":\"https:\/\/zlatnabobica.rs\/#website\",\"url\":\"https:\/\/zlatnabobica.rs\/\",\"name\":\"Zlatna bobica\",\"description\":\"premium proizvodi\",\"publisher\":{\"@id\":\"https:\/\/zlatnabobica.rs\/#organization\"},\"potentialAction\":[{\"@type\":\"SearchAction\",\"target\":{\"@type\":\"EntryPoint\",\"urlTemplate\":\"https:\/\/zlatnabobica.rs\/?s={search_term_string}\"},\"query-input\":{\"@type\":\"PropertyValueSpecification\",\"valueRequired\":true,\"valueName\":\"search_term_string\"}}],\"inLanguage\":\"sr-RS\"},{\"@type\":\"Organization\",\"@id\":\"https:\/\/zlatnabobica.rs\/#organization\",\"name\":\"Zlatna bobica\",\"alternateName\":\"ru\u010dno ubrano ru\u010dno pripremljeno\",\"url\":\"https:\/\/zlatnabobica.rs\/\",\"logo\":{\"@type\":\"ImageObject\",\"inLanguage\":\"sr-RS\",\"@id\":\"https:\/\/zlatnabobica.rs\/#\/schema\/logo\/image\/\",\"url\":\"https:\/\/zlatnabobica.rs\/wp-content\/uploads\/2023\/11\/cropped-zlatna_bobica_logo_final_finala_single2.webp\",\"contentUrl\":\"https:\/\/zlatnabobica.rs\/wp-content\/uploads\/2023\/11\/cropped-zlatna_bobica_logo_final_finala_single2.webp\",\"width\":600,\"height\":304,\"caption\":\"Zlatna bobica\"},\"image\":{\"@id\":\"https:\/\/zlatnabobica.rs\/#\/schema\/logo\/image\/\"},\"sameAs\":[\"https:\/\/www.facebook.com\/profile.php?id=61550109895476\",\"https:\/\/www.instagram.com\/zlatna_bobica\/\"]}]}<\/script>\n<!-- \/ Yoast SEO plugin. -->","yoast_head_json":{"title":"FIT PAKET - Zlatna bobica","robots":{"index":"index","follow":"follow","max-snippet":"max-snippet:-1","max-image-preview":"max-image-preview:large","max-video-preview":"max-video-preview:-1"},"canonical":"https:\/\/zlatnabobica.rs\/sr\/\u043f\u0440\u043e\u0438\u0437\u0432\u043e\u0434\/fit-paket\/","og_locale":"sr_RS","og_type":"article","og_title":"FIT PAKET - Zlatna bobica","og_description":"2 D\u017dEMA (bez dodatog \u0161e\u0107era)  1 SOK (bez dodatog \u0161e\u0107era)  2kg SMRZNUTIH BOROVNICA  *Besplatna dostava za Beograd i Novi Sad!","og_url":"https:\/\/zlatnabobica.rs\/sr\/\u043f\u0440\u043e\u0438\u0437\u0432\u043e\u0434\/fit-paket\/","og_site_name":"Zlatna bobica","article_publisher":"https:\/\/www.facebook.com\/profile.php?id=61550109895476","article_modified_time":"2024-10-22T11:03:34+00:00","og_image":[{"width":1080,"height":1080,"url":"https:\/\/zlatnabobica.rs\/wp-content\/uploads\/2023\/11\/FIT_PAKET-1.png","type":"image\/png"}],"twitter_card":"summary_large_image","twitter_misc":{"\u041f\u0440\u043e\u0446\u0435\u045a\u0435\u043d\u043e \u0432\u0440\u0435\u043c\u0435 \u0447\u0438\u0442\u0430\u045a\u0430":"1 \u043c\u0438\u043d\u0443\u0442"},"schema":{"@context":"https:\/\/schema.org","@graph":[{"@type":"WebPage","@id":"https:\/\/zlatnabobica.rs\/product\/fit-paket\/","url":"https:\/\/zlatnabobica.rs\/product\/fit-paket\/","name":"FIT PAKET - Zlatna bobica","isPartOf":{"@id":"https:\/\/zlatnabobica.rs\/#website"},"primaryImageOfPage":{"@id":"https:\/\/zlatnabobica.rs\/product\/fit-paket\/#primaryimage"},"image":{"@id":"https:\/\/zlatnabobica.rs\/product\/fit-paket\/#primaryimage"},"thumbnailUrl":"https:\/\/zlatnabobica.rs\/wp-content\/uploads\/2023\/11\/FIT_PAKET-1.png","datePublished":"2023-11-23T21:21:26+00:00","dateModified":"2024-10-22T11:03:34+00:00","breadcrumb":{"@id":"https:\/\/zlatnabobica.rs\/product\/fit-paket\/#breadcrumb"},"inLanguage":"sr-RS","potentialAction":[{"@type":"ReadAction","target":["https:\/\/zlatnabobica.rs\/product\/fit-paket\/"]}]},{"@type":"ImageObject","inLanguage":"sr-RS","@id":"https:\/\/zlatnabobica.rs\/product\/fit-paket\/#primaryimage","url":"https:\/\/zlatnabobica.rs\/wp-content\/uploads\/2023\/11\/FIT_PAKET-1.png","contentUrl":"https:\/\/zlatnabobica.rs\/wp-content\/uploads\/2023\/11\/FIT_PAKET-1.png","width":1080,"height":1080},{"@type":"BreadcrumbList","@id":"https:\/\/zlatnabobica.rs\/product\/fit-paket\/#breadcrumb","itemListElement":[{"@type":"ListItem","position":1,"name":"Home","item":"https:\/\/zlatnabobica.rs\/"},{"@type":"ListItem","position":2,"name":"Shop","item":"https:\/\/zlatnabobica.rs\/shop\/"},{"@type":"ListItem","position":3,"name":"FIT PAKET"}]},{"@type":"WebSite","@id":"https:\/\/zlatnabobica.rs\/#website","url":"https:\/\/zlatnabobica.rs\/","name":"Zlatna bobica","description":"premium proizvodi","publisher":{"@id":"https:\/\/zlatnabobica.rs\/#organization"},"potentialAction":[{"@type":"SearchAction","target":{"@type":"EntryPoint","urlTemplate":"https:\/\/zlatnabobica.rs\/?s={search_term_string}"},"query-input":{"@type":"PropertyValueSpecification","valueRequired":true,"valueName":"search_term_string"}}],"inLanguage":"sr-RS"},{"@type":"Organization","@id":"https:\/\/zlatnabobica.rs\/#organization","name":"Zlatna bobica","alternateName":"ru\u010dno ubrano ru\u010dno pripremljeno","url":"https:\/\/zlatnabobica.rs\/","logo":{"@type":"ImageObject","inLanguage":"sr-RS","@id":"https:\/\/zlatnabobica.rs\/#\/schema\/logo\/image\/","url":"https:\/\/zlatnabobica.rs\/wp-content\/uploads\/2023\/11\/cropped-zlatna_bobica_logo_final_finala_single2.webp","contentUrl":"https:\/\/zlatnabobica.rs\/wp-content\/uploads\/2023\/11\/cropped-zlatna_bobica_logo_final_finala_single2.webp","width":600,"height":304,"caption":"Zlatna bobica"},"image":{"@id":"https:\/\/zlatnabobica.rs\/#\/schema\/logo\/image\/"},"sameAs":["https:\/\/www.facebook.com\/profile.php?id=61550109895476","https:\/\/www.instagram.com\/zlatna_bobica\/"]}]}},"_links":{"self":[{"href":"https:\/\/zlatnabobica.rs\/sr\/wp-json\/wp\/v2\/product\/623","targetHints":{"allow":["GET"]}}],"collection":[{"href":"https:\/\/zlatnabobica.rs\/sr\/wp-json\/wp\/v2\/product"}],"about":[{"href":"https:\/\/zlatnabobica.rs\/sr\/wp-json\/wp\/v2\/types\/product"}],"replies":[{"embeddable":true,"href":"https:\/\/zlatnabobica.rs\/sr\/wp-json\/wp\/v2\/comments?post=623"}],"wp:featuredmedia":[{"embeddable":true,"href":"https:\/\/zlatnabobica.rs\/sr\/wp-json\/wp\/v2\/media\/1196"}],"wp:attachment":[{"href":"https:\/\/zlatnabobica.rs\/sr\/wp-json\/wp\/v2\/media?parent=623"}],"wp:term":[{"taxonomy":"product_brand","embeddable":true,"href":"https:\/\/zlatnabobica.rs\/sr\/wp-json\/wp\/v2\/product_brand?post=623"},{"taxonomy":"product_cat","embeddable":true,"href":"https:\/\/zlatnabobica.rs\/sr\/wp-json\/wp\/v2\/product_cat?post=623"},{"taxonomy":"product_tag","embeddable":true,"href":"https:\/\/zlatnabobica.rs\/sr\/wp-json\/wp\/v2\/product_tag?post=623"}],"curies":[{"name":"wp","href":"https:\/\/api.w.org\/{rel}","templated":true}]}}