{"id":220,"date":"2023-11-27T08:29:08","date_gmt":"2023-11-27T08:29:08","guid":{"rendered":"https:\/\/zlatnabobica.rs\/?post_type=product&#038;p=220"},"modified":"2026-02-03T10:14:35","modified_gmt":"2026-02-03T10:14:35","slug":"smrznuta-borovnica-1kg","status":"publish","type":"product","link":"https:\/\/zlatnabobica.rs\/sr\/\u043f\u0440\u043e\u0438\u0437\u0432\u043e\u0434\/smrznuta-borovnica-1kg\/","title":{"rendered":"Smrznuta borovnica 1kg"},"content":{"rendered":"<p>Otkrijte sve\u017einu i bogatstvo ukusa uz na\u0161e smrznute borovnice koje su dostupne tokom cele godine. Pa\u017eljivo odabrane i brzo zamrznute, na\u0161e borovnice zadr\u017eavaju sve hranljive vrednosti i intenzivan vo\u0107ni ukus. Ovaj proizvod je savr\u0161en dodatak va\u0161im omiljenim receptima, bilo da pravite smutije, dezerte ili pe\u010denja. U\u017eivajte u prakti\u010dnosti smrznutih borovnica i unapredite svoje kulinarsko iskustvo s neodoljivim vo\u0107nim notama svaki put kad otvorite pakovanje.<\/p>","protected":false},"excerpt":{"rendered":"<ul>\n<li>Pakovanje: 1 kg<\/li>\n<li>Smznuto<\/li>\n<li>100% borovnica<\/li>\n<\/ul>\n<p><strong>Besplatna dostava za poru\u010dena 4+ kg.<\/strong><\/p>\n<p><em><strong>*Dostava je samo za Beograd i Novi Sad<\/strong><\/em><\/p>","protected":false},"featured_media":1279,"comment_status":"open","ping_status":"closed","template":"","meta":{"site-sidebar-layout":"default","site-content-layout":"","ast-site-content-layout":"default","site-content-style":"default","site-sidebar-style":"default","ast-global-header-display":"","ast-banner-title-visibility":"","ast-main-header-display":"","ast-hfb-above-header-display":"","ast-hfb-below-header-display":"","ast-hfb-mobile-header-display":"","site-post-title":"","ast-breadcrumbs-content":"","ast-featured-img":"","footer-sml-layout":"","theme-transparent-header-meta":"default","adv-header-id-meta":"","stick-header-meta":"","header-above-stick-meta":"","header-main-stick-meta":"","header-below-stick-meta":"","astra-migrate-meta-layouts":"set","ast-page-background-enabled":"default","ast-page-background-meta":{"desktop":{"background-color":"var(--ast-global-color-4)","background-image":"","background-repeat":"repeat","background-position":"center center","background-size":"auto","background-attachment":"scroll","background-type":"","background-media":"","overlay-type":"","overlay-color":"","overlay-opacity":"","overlay-gradient":""},"tablet":{"background-color":"","background-image":"","background-repeat":"repeat","background-position":"center center","background-size":"auto","background-attachment":"scroll","background-type":"","background-media":"","overlay-type":"","overlay-color":"","overlay-opacity":"","overlay-gradient":""},"mobile":{"background-color":"","background-image":"","background-repeat":"repeat","background-position":"center center","background-size":"auto","background-attachment":"scroll","background-type":"","background-media":"","overlay-type":"","overlay-color":"","overlay-opacity":"","overlay-gradient":""}},"ast-content-background-meta":{"desktop":{"background-color":"var(--ast-global-color-5)","background-image":"","background-repeat":"repeat","background-position":"center center","background-size":"auto","background-attachment":"scroll","background-type":"","background-media":"","overlay-type":"","overlay-color":"","overlay-opacity":"","overlay-gradient":""},"tablet":{"background-color":"var(--ast-global-color-5)","background-image":"","background-repeat":"repeat","background-position":"center center","background-size":"auto","background-attachment":"scroll","background-type":"","background-media":"","overlay-type":"","overlay-color":"","overlay-opacity":"","overlay-gradient":""},"mobile":{"background-color":"var(--ast-global-color-5)","background-image":"","background-repeat":"repeat","background-position":"center center","background-size":"auto","background-attachment":"scroll","background-type":"","background-media":"","overlay-type":"","overlay-color":"","overlay-opacity":"","overlay-gradient":""}}},"product_brand":[],"product_cat":[22],"product_tag":[],"class_list":{"0":"post-220","1":"product","2":"type-product","3":"status-publish","4":"has-post-thumbnail","6":"product_cat-smrznuto","7":"desktop-align-center","8":"tablet-align-left","9":"mobile-align-left","11":"first","12":"instock","13":"taxable","14":"shipping-taxable","15":"purchasable","16":"product-type-simple"},"yoast_head":"<!-- This site is optimized with the Yoast SEO plugin v25.1 - https:\/\/yoast.com\/wordpress\/plugins\/seo\/ -->\n<title>Smrznuta borovnica 1kg - Zlatna bobica<\/title>\n<meta name=\"robots\" content=\"index, follow, max-snippet:-1, max-image-preview:large, max-video-preview:-1\" \/>\n<link rel=\"canonical\" href=\"https:\/\/zlatnabobica.rs\/sr\/\u043f\u0440\u043e\u0438\u0437\u0432\u043e\u0434\/smrznuta-borovnica-1kg\/\" \/>\n<meta property=\"og:locale\" content=\"sr_RS\" \/>\n<meta property=\"og:type\" content=\"article\" \/>\n<meta property=\"og:title\" content=\"Smrznuta borovnica 1kg - Zlatna bobica\" \/>\n<meta property=\"og:description\" content=\"Pakovanje: 1 kg  Smznuto  100% borovnica  Besplatna dostava za poru\u010dena 4+ kg.  *Dostava je samo za Beograd i Novi Sad\" \/>\n<meta property=\"og:url\" content=\"https:\/\/zlatnabobica.rs\/sr\/\u043f\u0440\u043e\u0438\u0437\u0432\u043e\u0434\/smrznuta-borovnica-1kg\/\" \/>\n<meta property=\"og:site_name\" content=\"Zlatna bobica\" \/>\n<meta property=\"article:publisher\" content=\"https:\/\/www.facebook.com\/profile.php?id=61550109895476\" \/>\n<meta property=\"article:modified_time\" content=\"2026-02-03T10:14:35+00:00\" \/>\n<meta property=\"og:image\" content=\"https:\/\/zlatnabobica.rs\/wp-content\/uploads\/2023\/11\/smrznuta-borovnica-kg-prodaja.png\" \/>\n\t<meta property=\"og:image:width\" content=\"900\" \/>\n\t<meta property=\"og:image:height\" content=\"900\" \/>\n\t<meta property=\"og:image:type\" content=\"image\/png\" \/>\n<meta name=\"twitter:card\" content=\"summary_large_image\" \/>\n<meta name=\"twitter:label1\" content=\"\u041f\u0440\u043e\u0446\u0435\u045a\u0435\u043d\u043e \u0432\u0440\u0435\u043c\u0435 \u0447\u0438\u0442\u0430\u045a\u0430\" \/>\n\t<meta name=\"twitter:data1\" content=\"1 \u043c\u0438\u043d\u0443\u0442\" \/>\n<script type=\"application\/ld+json\" class=\"yoast-schema-graph\">{\"@context\":\"https:\/\/schema.org\",\"@graph\":[{\"@type\":\"WebPage\",\"@id\":\"https:\/\/zlatnabobica.rs\/product\/smrznuta-borovnica-1kg\/\",\"url\":\"https:\/\/zlatnabobica.rs\/product\/smrznuta-borovnica-1kg\/\",\"name\":\"Smrznuta borovnica 1kg - Zlatna bobica\",\"isPartOf\":{\"@id\":\"https:\/\/zlatnabobica.rs\/#website\"},\"primaryImageOfPage\":{\"@id\":\"https:\/\/zlatnabobica.rs\/product\/smrznuta-borovnica-1kg\/#primaryimage\"},\"image\":{\"@id\":\"https:\/\/zlatnabobica.rs\/product\/smrznuta-borovnica-1kg\/#primaryimage\"},\"thumbnailUrl\":\"https:\/\/zlatnabobica.rs\/wp-content\/uploads\/2023\/11\/smrznuta-borovnica-kg-prodaja.png\",\"datePublished\":\"2023-11-27T08:29:08+00:00\",\"dateModified\":\"2026-02-03T10:14:35+00:00\",\"breadcrumb\":{\"@id\":\"https:\/\/zlatnabobica.rs\/product\/smrznuta-borovnica-1kg\/#breadcrumb\"},\"inLanguage\":\"sr-RS\",\"potentialAction\":[{\"@type\":\"ReadAction\",\"target\":[\"https:\/\/zlatnabobica.rs\/product\/smrznuta-borovnica-1kg\/\"]}]},{\"@type\":\"ImageObject\",\"inLanguage\":\"sr-RS\",\"@id\":\"https:\/\/zlatnabobica.rs\/product\/smrznuta-borovnica-1kg\/#primaryimage\",\"url\":\"https:\/\/zlatnabobica.rs\/wp-content\/uploads\/2023\/11\/smrznuta-borovnica-kg-prodaja.png\",\"contentUrl\":\"https:\/\/zlatnabobica.rs\/wp-content\/uploads\/2023\/11\/smrznuta-borovnica-kg-prodaja.png\",\"width\":900,\"height\":900},{\"@type\":\"BreadcrumbList\",\"@id\":\"https:\/\/zlatnabobica.rs\/product\/smrznuta-borovnica-1kg\/#breadcrumb\",\"itemListElement\":[{\"@type\":\"ListItem\",\"position\":1,\"name\":\"Home\",\"item\":\"https:\/\/zlatnabobica.rs\/\"},{\"@type\":\"ListItem\",\"position\":2,\"name\":\"Shop\",\"item\":\"https:\/\/zlatnabobica.rs\/shop\/\"},{\"@type\":\"ListItem\",\"position\":3,\"name\":\"Smrznuta borovnica 1kg\"}]},{\"@type\":\"WebSite\",\"@id\":\"https:\/\/zlatnabobica.rs\/#website\",\"url\":\"https:\/\/zlatnabobica.rs\/\",\"name\":\"Zlatna bobica\",\"description\":\"premium proizvodi\",\"publisher\":{\"@id\":\"https:\/\/zlatnabobica.rs\/#organization\"},\"potentialAction\":[{\"@type\":\"SearchAction\",\"target\":{\"@type\":\"EntryPoint\",\"urlTemplate\":\"https:\/\/zlatnabobica.rs\/?s={search_term_string}\"},\"query-input\":{\"@type\":\"PropertyValueSpecification\",\"valueRequired\":true,\"valueName\":\"search_term_string\"}}],\"inLanguage\":\"sr-RS\"},{\"@type\":\"Organization\",\"@id\":\"https:\/\/zlatnabobica.rs\/#organization\",\"name\":\"Zlatna bobica\",\"alternateName\":\"ru\u010dno ubrano ru\u010dno pripremljeno\",\"url\":\"https:\/\/zlatnabobica.rs\/\",\"logo\":{\"@type\":\"ImageObject\",\"inLanguage\":\"sr-RS\",\"@id\":\"https:\/\/zlatnabobica.rs\/#\/schema\/logo\/image\/\",\"url\":\"https:\/\/zlatnabobica.rs\/wp-content\/uploads\/2023\/11\/cropped-zlatna_bobica_logo_final_finala_single2.webp\",\"contentUrl\":\"https:\/\/zlatnabobica.rs\/wp-content\/uploads\/2023\/11\/cropped-zlatna_bobica_logo_final_finala_single2.webp\",\"width\":600,\"height\":304,\"caption\":\"Zlatna bobica\"},\"image\":{\"@id\":\"https:\/\/zlatnabobica.rs\/#\/schema\/logo\/image\/\"},\"sameAs\":[\"https:\/\/www.facebook.com\/profile.php?id=61550109895476\",\"https:\/\/www.instagram.com\/zlatna_bobica\/\"]}]}<\/script>\n<!-- \/ Yoast SEO plugin. -->","yoast_head_json":{"title":"Smrznuta borovnica 1kg - Zlatna bobica","robots":{"index":"index","follow":"follow","max-snippet":"max-snippet:-1","max-image-preview":"max-image-preview:large","max-video-preview":"max-video-preview:-1"},"canonical":"https:\/\/zlatnabobica.rs\/sr\/\u043f\u0440\u043e\u0438\u0437\u0432\u043e\u0434\/smrznuta-borovnica-1kg\/","og_locale":"sr_RS","og_type":"article","og_title":"Smrznuta borovnica 1kg - Zlatna bobica","og_description":"Pakovanje: 1 kg  Smznuto  100% borovnica  Besplatna dostava za poru\u010dena 4+ kg.  *Dostava je samo za Beograd i Novi Sad","og_url":"https:\/\/zlatnabobica.rs\/sr\/\u043f\u0440\u043e\u0438\u0437\u0432\u043e\u0434\/smrznuta-borovnica-1kg\/","og_site_name":"Zlatna bobica","article_publisher":"https:\/\/www.facebook.com\/profile.php?id=61550109895476","article_modified_time":"2026-02-03T10:14:35+00:00","og_image":[{"width":900,"height":900,"url":"https:\/\/zlatnabobica.rs\/wp-content\/uploads\/2023\/11\/smrznuta-borovnica-kg-prodaja.png","type":"image\/png"}],"twitter_card":"summary_large_image","twitter_misc":{"\u041f\u0440\u043e\u0446\u0435\u045a\u0435\u043d\u043e \u0432\u0440\u0435\u043c\u0435 \u0447\u0438\u0442\u0430\u045a\u0430":"1 \u043c\u0438\u043d\u0443\u0442"},"schema":{"@context":"https:\/\/schema.org","@graph":[{"@type":"WebPage","@id":"https:\/\/zlatnabobica.rs\/product\/smrznuta-borovnica-1kg\/","url":"https:\/\/zlatnabobica.rs\/product\/smrznuta-borovnica-1kg\/","name":"Smrznuta borovnica 1kg - Zlatna bobica","isPartOf":{"@id":"https:\/\/zlatnabobica.rs\/#website"},"primaryImageOfPage":{"@id":"https:\/\/zlatnabobica.rs\/product\/smrznuta-borovnica-1kg\/#primaryimage"},"image":{"@id":"https:\/\/zlatnabobica.rs\/product\/smrznuta-borovnica-1kg\/#primaryimage"},"thumbnailUrl":"https:\/\/zlatnabobica.rs\/wp-content\/uploads\/2023\/11\/smrznuta-borovnica-kg-prodaja.png","datePublished":"2023-11-27T08:29:08+00:00","dateModified":"2026-02-03T10:14:35+00:00","breadcrumb":{"@id":"https:\/\/zlatnabobica.rs\/product\/smrznuta-borovnica-1kg\/#breadcrumb"},"inLanguage":"sr-RS","potentialAction":[{"@type":"ReadAction","target":["https:\/\/zlatnabobica.rs\/product\/smrznuta-borovnica-1kg\/"]}]},{"@type":"ImageObject","inLanguage":"sr-RS","@id":"https:\/\/zlatnabobica.rs\/product\/smrznuta-borovnica-1kg\/#primaryimage","url":"https:\/\/zlatnabobica.rs\/wp-content\/uploads\/2023\/11\/smrznuta-borovnica-kg-prodaja.png","contentUrl":"https:\/\/zlatnabobica.rs\/wp-content\/uploads\/2023\/11\/smrznuta-borovnica-kg-prodaja.png","width":900,"height":900},{"@type":"BreadcrumbList","@id":"https:\/\/zlatnabobica.rs\/product\/smrznuta-borovnica-1kg\/#breadcrumb","itemListElement":[{"@type":"ListItem","position":1,"name":"Home","item":"https:\/\/zlatnabobica.rs\/"},{"@type":"ListItem","position":2,"name":"Shop","item":"https:\/\/zlatnabobica.rs\/shop\/"},{"@type":"ListItem","position":3,"name":"Smrznuta borovnica 1kg"}]},{"@type":"WebSite","@id":"https:\/\/zlatnabobica.rs\/#website","url":"https:\/\/zlatnabobica.rs\/","name":"Zlatna bobica","description":"premium proizvodi","publisher":{"@id":"https:\/\/zlatnabobica.rs\/#organization"},"potentialAction":[{"@type":"SearchAction","target":{"@type":"EntryPoint","urlTemplate":"https:\/\/zlatnabobica.rs\/?s={search_term_string}"},"query-input":{"@type":"PropertyValueSpecification","valueRequired":true,"valueName":"search_term_string"}}],"inLanguage":"sr-RS"},{"@type":"Organization","@id":"https:\/\/zlatnabobica.rs\/#organization","name":"Zlatna bobica","alternateName":"ru\u010dno ubrano ru\u010dno pripremljeno","url":"https:\/\/zlatnabobica.rs\/","logo":{"@type":"ImageObject","inLanguage":"sr-RS","@id":"https:\/\/zlatnabobica.rs\/#\/schema\/logo\/image\/","url":"https:\/\/zlatnabobica.rs\/wp-content\/uploads\/2023\/11\/cropped-zlatna_bobica_logo_final_finala_single2.webp","contentUrl":"https:\/\/zlatnabobica.rs\/wp-content\/uploads\/2023\/11\/cropped-zlatna_bobica_logo_final_finala_single2.webp","width":600,"height":304,"caption":"Zlatna bobica"},"image":{"@id":"https:\/\/zlatnabobica.rs\/#\/schema\/logo\/image\/"},"sameAs":["https:\/\/www.facebook.com\/profile.php?id=61550109895476","https:\/\/www.instagram.com\/zlatna_bobica\/"]}]}},"_links":{"self":[{"href":"https:\/\/zlatnabobica.rs\/sr\/wp-json\/wp\/v2\/product\/220","targetHints":{"allow":["GET"]}}],"collection":[{"href":"https:\/\/zlatnabobica.rs\/sr\/wp-json\/wp\/v2\/product"}],"about":[{"href":"https:\/\/zlatnabobica.rs\/sr\/wp-json\/wp\/v2\/types\/product"}],"replies":[{"embeddable":true,"href":"https:\/\/zlatnabobica.rs\/sr\/wp-json\/wp\/v2\/comments?post=220"}],"wp:featuredmedia":[{"embeddable":true,"href":"https:\/\/zlatnabobica.rs\/sr\/wp-json\/wp\/v2\/media\/1279"}],"wp:attachment":[{"href":"https:\/\/zlatnabobica.rs\/sr\/wp-json\/wp\/v2\/media?parent=220"}],"wp:term":[{"taxonomy":"product_brand","embeddable":true,"href":"https:\/\/zlatnabobica.rs\/sr\/wp-json\/wp\/v2\/product_brand?post=220"},{"taxonomy":"product_cat","embeddable":true,"href":"https:\/\/zlatnabobica.rs\/sr\/wp-json\/wp\/v2\/product_cat?post=220"},{"taxonomy":"product_tag","embeddable":true,"href":"https:\/\/zlatnabobica.rs\/sr\/wp-json\/wp\/v2\/product_tag?post=220"}],"curies":[{"name":"wp","href":"https:\/\/api.w.org\/{rel}","templated":true}]}}