{"id":193,"date":"2023-11-30T14:26:37","date_gmt":"2023-11-30T14:26:37","guid":{"rendered":"https:\/\/zlatnabobica.rs\/?post_type=product&#038;p=193"},"modified":"2025-02-04T09:47:29","modified_gmt":"2025-02-04T09:47:29","slug":"ekstra-dzem-od-borovnica-bez-dodatog-secera-300g","status":"publish","type":"product","link":"https:\/\/zlatnabobica.rs\/sr\/\u043f\u0440\u043e\u0438\u0437\u0432\u043e\u0434\/ekstra-dzem-od-borovnica-bez-dodatog-secera-300g\/","title":{"rendered":"EKSTRA D\u017dEM od borovnica 300g (bez dodatog \u0161e\u0107era)"},"content":{"rendered":"<p><strong>Za sve koji cene vrhunski kvalitet. <\/strong>Ru\u010dno ubrano, ru\u010dno pripremljeno, bez glutena (jer se jedino tako sa\u010duva i dobije pun ukusa savr\u0161enih plodova borovnice). Diet friendly, Vegan friendly, bez glutena, aroma, konzervansa i zasla\u0111iva\u010da.<\/p>\n<p><strong>PREDNOST: <\/strong>Svi proizvodi su pasterizovani na niskoj temperaturi kako bi se odr\u017eala nutritivna vrednost, antioksidanti, prirodna svojstva vo\u0107a&#8230;<\/p>\n<p><strong>Sastojci:<\/strong> Borovnice (80%), koncentrisani sok jabuke, sredstvo za \u017eeliranje: pektin. Proizvedeno od 80 g borovnice na 100 g gotovog proizvoda.<\/p>\n<p><strong>Neto koli\u010dina:<\/strong> 300g<\/p>\n<p><strong>Nutritivna vrednost na 100g<\/strong><\/p>\n<table>\n<tbody>\n<tr>\n<td width=\"301\"><strong>Energetska vrednost<\/strong><\/td>\n<td width=\"301\">566 kJ\/133 kcal<\/td>\n<\/tr>\n<tr>\n<td width=\"301\"><strong>Masti<\/strong><\/td>\n<td width=\"301\">0,5 g<\/td>\n<\/tr>\n<tr>\n<td width=\"301\">(od kojih zasi\u0107ene masne kiseline)<\/td>\n<td width=\"301\">0,0 g<\/td>\n<\/tr>\n<tr>\n<td width=\"301\"><strong>Ugljeni hidrati<\/strong><\/td>\n<td width=\"301\">30,3 g<\/td>\n<\/tr>\n<tr>\n<td width=\"301\">(od kojih \u0161e\u0107eri)<\/td>\n<td width=\"301\">26,0 g<\/td>\n<\/tr>\n<tr>\n<td width=\"301\"><strong>Proteini<\/strong><\/td>\n<td width=\"301\">0,7 g<\/td>\n<\/tr>\n<tr>\n<td width=\"301\"><strong>So<\/strong><\/td>\n<td width=\"301\">0,0 g<\/td>\n<\/tr>\n<\/tbody>\n<\/table>\n<p>&nbsp;<\/p>","protected":false},"excerpt":{"rendered":"<div dir=\"ltr\">Kvalitetno zdravo i ukusno je ono \u010dime smo se vodili kada smo stvarali ovaj proizvod. Ono \u0161to \u010dini nas d\u017eem posebnim je njegova jedinstvena receptura od 100% vo\u0107a sa celim plodovima borovnice i BEZ DODATOG SE\u0106ERA I BEZ ZASLADJIVA\u010cA<\/div>\n<div dir=\"ltr\">U\u017eivajte u slatkom ukusu BEZ GRI\u017dE SAVESTI<\/div>\n<div dir=\"ltr\"><\/div>\n<div dir=\"ltr\">*diet friendly, vegan friendly, bez aroma i konzervansa<\/div>","protected":false},"featured_media":194,"comment_status":"open","ping_status":"closed","template":"","meta":{"site-sidebar-layout":"default","site-content-layout":"","ast-site-content-layout":"default","site-content-style":"default","site-sidebar-style":"default","ast-global-header-display":"","ast-banner-title-visibility":"","ast-main-header-display":"","ast-hfb-above-header-display":"","ast-hfb-below-header-display":"","ast-hfb-mobile-header-display":"","site-post-title":"","ast-breadcrumbs-content":"","ast-featured-img":"","footer-sml-layout":"","theme-transparent-header-meta":"default","adv-header-id-meta":"","stick-header-meta":"","header-above-stick-meta":"","header-main-stick-meta":"","header-below-stick-meta":"","astra-migrate-meta-layouts":"set","ast-page-background-enabled":"default","ast-page-background-meta":{"desktop":{"background-color":"var(--ast-global-color-4)","background-image":"","background-repeat":"repeat","background-position":"center center","background-size":"auto","background-attachment":"scroll","background-type":"","background-media":"","overlay-type":"","overlay-color":"","overlay-opacity":"","overlay-gradient":""},"tablet":{"background-color":"","background-image":"","background-repeat":"repeat","background-position":"center center","background-size":"auto","background-attachment":"scroll","background-type":"","background-media":"","overlay-type":"","overlay-color":"","overlay-opacity":"","overlay-gradient":""},"mobile":{"background-color":"","background-image":"","background-repeat":"repeat","background-position":"center center","background-size":"auto","background-attachment":"scroll","background-type":"","background-media":"","overlay-type":"","overlay-color":"","overlay-opacity":"","overlay-gradient":""}},"ast-content-background-meta":{"desktop":{"background-color":"var(--ast-global-color-5)","background-image":"","background-repeat":"repeat","background-position":"center center","background-size":"auto","background-attachment":"scroll","background-type":"","background-media":"","overlay-type":"","overlay-color":"","overlay-opacity":"","overlay-gradient":""},"tablet":{"background-color":"var(--ast-global-color-5)","background-image":"","background-repeat":"repeat","background-position":"center center","background-size":"auto","background-attachment":"scroll","background-type":"","background-media":"","overlay-type":"","overlay-color":"","overlay-opacity":"","overlay-gradient":""},"mobile":{"background-color":"var(--ast-global-color-5)","background-image":"","background-repeat":"repeat","background-position":"center center","background-size":"auto","background-attachment":"scroll","background-type":"","background-media":"","overlay-type":"","overlay-color":"","overlay-opacity":"","overlay-gradient":""}}},"product_brand":[],"product_cat":[20],"product_tag":[],"class_list":{"0":"post-193","1":"product","2":"type-product","3":"status-publish","4":"has-post-thumbnail","6":"product_cat-dzemovi","7":"desktop-align-center","8":"tablet-align-left","9":"mobile-align-left","11":"first","12":"instock","13":"sale","14":"taxable","15":"shipping-taxable","16":"purchasable","17":"product-type-simple"},"yoast_head":"<!-- This site is optimized with the Yoast SEO plugin v25.1 - https:\/\/yoast.com\/wordpress\/plugins\/seo\/ -->\n<title>EKSTRA D\u017dEM od borovnica 300g (bez dodatog \u0161e\u0107era) - Zlatna bobica<\/title>\n<meta name=\"robots\" content=\"index, follow, max-snippet:-1, max-image-preview:large, max-video-preview:-1\" \/>\n<link rel=\"canonical\" href=\"https:\/\/zlatnabobica.rs\/sr\/\u043f\u0440\u043e\u0438\u0437\u0432\u043e\u0434\/ekstra-dzem-od-borovnica-bez-dodatog-secera-300g\/\" \/>\n<meta property=\"og:locale\" content=\"sr_RS\" \/>\n<meta property=\"og:type\" content=\"article\" \/>\n<meta property=\"og:title\" content=\"EKSTRA D\u017dEM od borovnica 300g (bez dodatog \u0161e\u0107era) - Zlatna bobica\" \/>\n<meta property=\"og:description\" content=\"Kvalitetno zdravo i ukusno je ono \u010dime smo se vodili kada smo stvarali ovaj proizvod. Ono \u0161to \u010dini nas d\u017eem posebnim je njegova jedinstvena receptura od 100% vo\u0107a sa celim plodovima borovnice i BEZ DODATOG SE\u0106ERA I BEZ ZASLADJIVA\u010cA U\u017eivajte u slatkom ukusu BEZ GRI\u017dE SAVESTI  *diet friendly, vegan friendly, bez aroma i konzervansa\" \/>\n<meta property=\"og:url\" content=\"https:\/\/zlatnabobica.rs\/sr\/\u043f\u0440\u043e\u0438\u0437\u0432\u043e\u0434\/ekstra-dzem-od-borovnica-bez-dodatog-secera-300g\/\" \/>\n<meta property=\"og:site_name\" content=\"Zlatna bobica\" \/>\n<meta property=\"article:publisher\" content=\"https:\/\/www.facebook.com\/profile.php?id=61550109895476\" \/>\n<meta property=\"article:modified_time\" content=\"2025-02-04T09:47:29+00:00\" \/>\n<meta property=\"og:image\" content=\"https:\/\/zlatnabobica.rs\/wp-content\/uploads\/2023\/11\/dzem-bez-dodatog-secera.jpg\" \/>\n\t<meta property=\"og:image:width\" content=\"900\" \/>\n\t<meta property=\"og:image:height\" content=\"900\" \/>\n\t<meta property=\"og:image:type\" content=\"image\/jpeg\" \/>\n<meta name=\"twitter:card\" content=\"summary_large_image\" \/>\n<meta name=\"twitter:label1\" content=\"\u041f\u0440\u043e\u0446\u0435\u045a\u0435\u043d\u043e \u0432\u0440\u0435\u043c\u0435 \u0447\u0438\u0442\u0430\u045a\u0430\" \/>\n\t<meta name=\"twitter:data1\" content=\"1 \u043c\u0438\u043d\u0443\u0442\" \/>\n<script type=\"application\/ld+json\" class=\"yoast-schema-graph\">{\"@context\":\"https:\/\/schema.org\",\"@graph\":[{\"@type\":\"WebPage\",\"@id\":\"https:\/\/zlatnabobica.rs\/product\/ekstra-dzem-od-borovnica-bez-dodatog-secera-300g\/\",\"url\":\"https:\/\/zlatnabobica.rs\/product\/ekstra-dzem-od-borovnica-bez-dodatog-secera-300g\/\",\"name\":\"EKSTRA D\u017dEM od borovnica 300g (bez dodatog \u0161e\u0107era) - Zlatna bobica\",\"isPartOf\":{\"@id\":\"https:\/\/zlatnabobica.rs\/#website\"},\"primaryImageOfPage\":{\"@id\":\"https:\/\/zlatnabobica.rs\/product\/ekstra-dzem-od-borovnica-bez-dodatog-secera-300g\/#primaryimage\"},\"image\":{\"@id\":\"https:\/\/zlatnabobica.rs\/product\/ekstra-dzem-od-borovnica-bez-dodatog-secera-300g\/#primaryimage\"},\"thumbnailUrl\":\"https:\/\/zlatnabobica.rs\/wp-content\/uploads\/2023\/11\/dzem-bez-dodatog-secera.jpg\",\"datePublished\":\"2023-11-30T14:26:37+00:00\",\"dateModified\":\"2025-02-04T09:47:29+00:00\",\"breadcrumb\":{\"@id\":\"https:\/\/zlatnabobica.rs\/product\/ekstra-dzem-od-borovnica-bez-dodatog-secera-300g\/#breadcrumb\"},\"inLanguage\":\"sr-RS\",\"potentialAction\":[{\"@type\":\"ReadAction\",\"target\":[\"https:\/\/zlatnabobica.rs\/product\/ekstra-dzem-od-borovnica-bez-dodatog-secera-300g\/\"]}]},{\"@type\":\"ImageObject\",\"inLanguage\":\"sr-RS\",\"@id\":\"https:\/\/zlatnabobica.rs\/product\/ekstra-dzem-od-borovnica-bez-dodatog-secera-300g\/#primaryimage\",\"url\":\"https:\/\/zlatnabobica.rs\/wp-content\/uploads\/2023\/11\/dzem-bez-dodatog-secera.jpg\",\"contentUrl\":\"https:\/\/zlatnabobica.rs\/wp-content\/uploads\/2023\/11\/dzem-bez-dodatog-secera.jpg\",\"width\":900,\"height\":900},{\"@type\":\"BreadcrumbList\",\"@id\":\"https:\/\/zlatnabobica.rs\/product\/ekstra-dzem-od-borovnica-bez-dodatog-secera-300g\/#breadcrumb\",\"itemListElement\":[{\"@type\":\"ListItem\",\"position\":1,\"name\":\"Home\",\"item\":\"https:\/\/zlatnabobica.rs\/\"},{\"@type\":\"ListItem\",\"position\":2,\"name\":\"Shop\",\"item\":\"https:\/\/zlatnabobica.rs\/shop\/\"},{\"@type\":\"ListItem\",\"position\":3,\"name\":\"EKSTRA D\u017dEM od borovnica 300g (bez dodatog \u0161e\u0107era)\"}]},{\"@type\":\"WebSite\",\"@id\":\"https:\/\/zlatnabobica.rs\/#website\",\"url\":\"https:\/\/zlatnabobica.rs\/\",\"name\":\"Zlatna bobica\",\"description\":\"premium proizvodi\",\"publisher\":{\"@id\":\"https:\/\/zlatnabobica.rs\/#organization\"},\"potentialAction\":[{\"@type\":\"SearchAction\",\"target\":{\"@type\":\"EntryPoint\",\"urlTemplate\":\"https:\/\/zlatnabobica.rs\/?s={search_term_string}\"},\"query-input\":{\"@type\":\"PropertyValueSpecification\",\"valueRequired\":true,\"valueName\":\"search_term_string\"}}],\"inLanguage\":\"sr-RS\"},{\"@type\":\"Organization\",\"@id\":\"https:\/\/zlatnabobica.rs\/#organization\",\"name\":\"Zlatna bobica\",\"alternateName\":\"ru\u010dno ubrano ru\u010dno pripremljeno\",\"url\":\"https:\/\/zlatnabobica.rs\/\",\"logo\":{\"@type\":\"ImageObject\",\"inLanguage\":\"sr-RS\",\"@id\":\"https:\/\/zlatnabobica.rs\/#\/schema\/logo\/image\/\",\"url\":\"https:\/\/zlatnabobica.rs\/wp-content\/uploads\/2023\/11\/cropped-zlatna_bobica_logo_final_finala_single2.webp\",\"contentUrl\":\"https:\/\/zlatnabobica.rs\/wp-content\/uploads\/2023\/11\/cropped-zlatna_bobica_logo_final_finala_single2.webp\",\"width\":600,\"height\":304,\"caption\":\"Zlatna bobica\"},\"image\":{\"@id\":\"https:\/\/zlatnabobica.rs\/#\/schema\/logo\/image\/\"},\"sameAs\":[\"https:\/\/www.facebook.com\/profile.php?id=61550109895476\",\"https:\/\/www.instagram.com\/zlatna_bobica\/\"]}]}<\/script>\n<!-- \/ Yoast SEO plugin. -->","yoast_head_json":{"title":"EKSTRA D\u017dEM od borovnica 300g (bez dodatog \u0161e\u0107era) - Zlatna bobica","robots":{"index":"index","follow":"follow","max-snippet":"max-snippet:-1","max-image-preview":"max-image-preview:large","max-video-preview":"max-video-preview:-1"},"canonical":"https:\/\/zlatnabobica.rs\/sr\/\u043f\u0440\u043e\u0438\u0437\u0432\u043e\u0434\/ekstra-dzem-od-borovnica-bez-dodatog-secera-300g\/","og_locale":"sr_RS","og_type":"article","og_title":"EKSTRA D\u017dEM od borovnica 300g (bez dodatog \u0161e\u0107era) - Zlatna bobica","og_description":"Kvalitetno zdravo i ukusno je ono \u010dime smo se vodili kada smo stvarali ovaj proizvod. Ono \u0161to \u010dini nas d\u017eem posebnim je njegova jedinstvena receptura od 100% vo\u0107a sa celim plodovima borovnice i BEZ DODATOG SE\u0106ERA I BEZ ZASLADJIVA\u010cA U\u017eivajte u slatkom ukusu BEZ GRI\u017dE SAVESTI  *diet friendly, vegan friendly, bez aroma i konzervansa","og_url":"https:\/\/zlatnabobica.rs\/sr\/\u043f\u0440\u043e\u0438\u0437\u0432\u043e\u0434\/ekstra-dzem-od-borovnica-bez-dodatog-secera-300g\/","og_site_name":"Zlatna bobica","article_publisher":"https:\/\/www.facebook.com\/profile.php?id=61550109895476","article_modified_time":"2025-02-04T09:47:29+00:00","og_image":[{"width":900,"height":900,"url":"https:\/\/zlatnabobica.rs\/wp-content\/uploads\/2023\/11\/dzem-bez-dodatog-secera.jpg","type":"image\/jpeg"}],"twitter_card":"summary_large_image","twitter_misc":{"\u041f\u0440\u043e\u0446\u0435\u045a\u0435\u043d\u043e \u0432\u0440\u0435\u043c\u0435 \u0447\u0438\u0442\u0430\u045a\u0430":"1 \u043c\u0438\u043d\u0443\u0442"},"schema":{"@context":"https:\/\/schema.org","@graph":[{"@type":"WebPage","@id":"https:\/\/zlatnabobica.rs\/product\/ekstra-dzem-od-borovnica-bez-dodatog-secera-300g\/","url":"https:\/\/zlatnabobica.rs\/product\/ekstra-dzem-od-borovnica-bez-dodatog-secera-300g\/","name":"EKSTRA D\u017dEM od borovnica 300g (bez dodatog \u0161e\u0107era) - Zlatna bobica","isPartOf":{"@id":"https:\/\/zlatnabobica.rs\/#website"},"primaryImageOfPage":{"@id":"https:\/\/zlatnabobica.rs\/product\/ekstra-dzem-od-borovnica-bez-dodatog-secera-300g\/#primaryimage"},"image":{"@id":"https:\/\/zlatnabobica.rs\/product\/ekstra-dzem-od-borovnica-bez-dodatog-secera-300g\/#primaryimage"},"thumbnailUrl":"https:\/\/zlatnabobica.rs\/wp-content\/uploads\/2023\/11\/dzem-bez-dodatog-secera.jpg","datePublished":"2023-11-30T14:26:37+00:00","dateModified":"2025-02-04T09:47:29+00:00","breadcrumb":{"@id":"https:\/\/zlatnabobica.rs\/product\/ekstra-dzem-od-borovnica-bez-dodatog-secera-300g\/#breadcrumb"},"inLanguage":"sr-RS","potentialAction":[{"@type":"ReadAction","target":["https:\/\/zlatnabobica.rs\/product\/ekstra-dzem-od-borovnica-bez-dodatog-secera-300g\/"]}]},{"@type":"ImageObject","inLanguage":"sr-RS","@id":"https:\/\/zlatnabobica.rs\/product\/ekstra-dzem-od-borovnica-bez-dodatog-secera-300g\/#primaryimage","url":"https:\/\/zlatnabobica.rs\/wp-content\/uploads\/2023\/11\/dzem-bez-dodatog-secera.jpg","contentUrl":"https:\/\/zlatnabobica.rs\/wp-content\/uploads\/2023\/11\/dzem-bez-dodatog-secera.jpg","width":900,"height":900},{"@type":"BreadcrumbList","@id":"https:\/\/zlatnabobica.rs\/product\/ekstra-dzem-od-borovnica-bez-dodatog-secera-300g\/#breadcrumb","itemListElement":[{"@type":"ListItem","position":1,"name":"Home","item":"https:\/\/zlatnabobica.rs\/"},{"@type":"ListItem","position":2,"name":"Shop","item":"https:\/\/zlatnabobica.rs\/shop\/"},{"@type":"ListItem","position":3,"name":"EKSTRA D\u017dEM od borovnica 300g (bez dodatog \u0161e\u0107era)"}]},{"@type":"WebSite","@id":"https:\/\/zlatnabobica.rs\/#website","url":"https:\/\/zlatnabobica.rs\/","name":"Zlatna bobica","description":"premium proizvodi","publisher":{"@id":"https:\/\/zlatnabobica.rs\/#organization"},"potentialAction":[{"@type":"SearchAction","target":{"@type":"EntryPoint","urlTemplate":"https:\/\/zlatnabobica.rs\/?s={search_term_string}"},"query-input":{"@type":"PropertyValueSpecification","valueRequired":true,"valueName":"search_term_string"}}],"inLanguage":"sr-RS"},{"@type":"Organization","@id":"https:\/\/zlatnabobica.rs\/#organization","name":"Zlatna bobica","alternateName":"ru\u010dno ubrano ru\u010dno pripremljeno","url":"https:\/\/zlatnabobica.rs\/","logo":{"@type":"ImageObject","inLanguage":"sr-RS","@id":"https:\/\/zlatnabobica.rs\/#\/schema\/logo\/image\/","url":"https:\/\/zlatnabobica.rs\/wp-content\/uploads\/2023\/11\/cropped-zlatna_bobica_logo_final_finala_single2.webp","contentUrl":"https:\/\/zlatnabobica.rs\/wp-content\/uploads\/2023\/11\/cropped-zlatna_bobica_logo_final_finala_single2.webp","width":600,"height":304,"caption":"Zlatna bobica"},"image":{"@id":"https:\/\/zlatnabobica.rs\/#\/schema\/logo\/image\/"},"sameAs":["https:\/\/www.facebook.com\/profile.php?id=61550109895476","https:\/\/www.instagram.com\/zlatna_bobica\/"]}]}},"_links":{"self":[{"href":"https:\/\/zlatnabobica.rs\/sr\/wp-json\/wp\/v2\/product\/193","targetHints":{"allow":["GET"]}}],"collection":[{"href":"https:\/\/zlatnabobica.rs\/sr\/wp-json\/wp\/v2\/product"}],"about":[{"href":"https:\/\/zlatnabobica.rs\/sr\/wp-json\/wp\/v2\/types\/product"}],"replies":[{"embeddable":true,"href":"https:\/\/zlatnabobica.rs\/sr\/wp-json\/wp\/v2\/comments?post=193"}],"wp:featuredmedia":[{"embeddable":true,"href":"https:\/\/zlatnabobica.rs\/sr\/wp-json\/wp\/v2\/media\/194"}],"wp:attachment":[{"href":"https:\/\/zlatnabobica.rs\/sr\/wp-json\/wp\/v2\/media?parent=193"}],"wp:term":[{"taxonomy":"product_brand","embeddable":true,"href":"https:\/\/zlatnabobica.rs\/sr\/wp-json\/wp\/v2\/product_brand?post=193"},{"taxonomy":"product_cat","embeddable":true,"href":"https:\/\/zlatnabobica.rs\/sr\/wp-json\/wp\/v2\/product_cat?post=193"},{"taxonomy":"product_tag","embeddable":true,"href":"https:\/\/zlatnabobica.rs\/sr\/wp-json\/wp\/v2\/product_tag?post=193"}],"curies":[{"name":"wp","href":"https:\/\/api.w.org\/{rel}","templated":true}]}}