{"id":932,"date":"2023-12-01T10:24:06","date_gmt":"2023-12-01T10:24:06","guid":{"rendered":"https:\/\/zlatnabobica.rs\/?page_id=932"},"modified":"2023-12-01T10:25:09","modified_gmt":"2023-12-01T10:25:09","slug":"hvala-upit","status":"publish","type":"page","link":"https:\/\/zlatnabobica.rs\/sr\/hvala-upit\/","title":{"rendered":"Hvala-upit"},"content":{"rendered":"<div data-elementor-type=\"wp-page\" data-elementor-id=\"932\" class=\"elementor elementor-932\" data-elementor-settings=\"{&quot;ha_cmc_init_switcher&quot;:&quot;no&quot;}\">\n\t\t\t\t\t\t<section class=\"elementor-section elementor-top-section elementor-element elementor-element-7e01049 elementor-section-boxed elementor-section-height-default elementor-section-height-default exad-glass-effect-no exad-sticky-section-no\" data-id=\"7e01049\" data-element_type=\"section\" data-settings=\"{&quot;_ha_eqh_enable&quot;:false}\">\n\t\t\t\t\t\t<div class=\"elementor-container elementor-column-gap-default\">\n\t\t\t\t\t<div class=\"elementor-column elementor-col-100 elementor-top-column elementor-element elementor-element-50c51bc exad-glass-effect-no exad-sticky-section-no\" data-id=\"50c51bc\" data-element_type=\"column\">\n\t\t\t<div class=\"elementor-widget-wrap elementor-element-populated\">\n\t\t\t\t\t\t<div class=\"elementor-element elementor-element-05305cb exad-sticky-section-no exad-glass-effect-no elementor-widget elementor-widget-heading\" data-id=\"05305cb\" data-element_type=\"widget\" data-widget_type=\"heading.default\">\n\t\t\t\t<div class=\"elementor-widget-container\">\n\t\t\t\t\t<h2 class=\"elementor-heading-title elementor-size-default\">Hvala<\/h2>\t\t\t\t<\/div>\n\t\t\t\t<\/div>\n\t\t\t\t<div class=\"elementor-element elementor-element-37a15ec exad-sticky-section-no exad-glass-effect-no elementor-widget elementor-widget-heading\" data-id=\"37a15ec\" data-element_type=\"widget\" data-widget_type=\"heading.default\">\n\t\t\t\t<div class=\"elementor-widget-container\">\n\t\t\t\t\t<h4 class=\"elementor-heading-title elementor-size-default\">Uspe\u0161no ste poslali upit, o\u010dekujte odgovor u najbr\u017eem mogu\u0107em roku.<\/h4>\t\t\t\t<\/div>\n\t\t\t\t<\/div>\n\t\t\t\t\t<\/div>\n\t\t<\/div>\n\t\t\t\t\t<\/div>\n\t\t<\/section>\n\t\t\t\t<\/div>","protected":false},"excerpt":{"rendered":"<p>Hvala Uspe\u0161no ste poslali upit, o\u010dekujte odgovor u najbr\u017eem mogu\u0107em roku.<\/p>","protected":false},"author":2,"featured_media":0,"parent":0,"menu_order":0,"comment_status":"closed","ping_status":"closed","template":"elementor_header_footer","meta":{"site-sidebar-layout":"no-sidebar","site-content-layout":"","ast-site-content-layout":"full-width-container","site-content-style":"default","site-sidebar-style":"default","ast-global-header-display":"","ast-banner-title-visibility":"","ast-main-header-display":"","ast-hfb-above-header-display":"","ast-hfb-below-header-display":"","ast-hfb-mobile-header-display":"","site-post-title":"disabled","ast-breadcrumbs-content":"","ast-featured-img":"disabled","footer-sml-layout":"","theme-transparent-header-meta":"","adv-header-id-meta":"","stick-header-meta":"","header-above-stick-meta":"","header-main-stick-meta":"","header-below-stick-meta":"","astra-migrate-meta-layouts":"default","ast-page-background-enabled":"default","ast-page-background-meta":{"desktop":{"background-color":"var(--ast-global-color-4)","background-image":"","background-repeat":"repeat","background-position":"center center","background-size":"auto","background-attachment":"scroll","background-type":"","background-media":"","overlay-type":"","overlay-color":"","overlay-opacity":"","overlay-gradient":""},"tablet":{"background-color":"","background-image":"","background-repeat":"repeat","background-position":"center center","background-size":"auto","background-attachment":"scroll","background-type":"","background-media":"","overlay-type":"","overlay-color":"","overlay-opacity":"","overlay-gradient":""},"mobile":{"background-color":"","background-image":"","background-repeat":"repeat","background-position":"center center","background-size":"auto","background-attachment":"scroll","background-type":"","background-media":"","overlay-type":"","overlay-color":"","overlay-opacity":"","overlay-gradient":""}},"ast-content-background-meta":{"desktop":{"background-color":"var(--ast-global-color-5)","background-image":"","background-repeat":"repeat","background-position":"center center","background-size":"auto","background-attachment":"scroll","background-type":"","background-media":"","overlay-type":"","overlay-color":"","overlay-opacity":"","overlay-gradient":""},"tablet":{"background-color":"var(--ast-global-color-5)","background-image":"","background-repeat":"repeat","background-position":"center center","background-size":"auto","background-attachment":"scroll","background-type":"","background-media":"","overlay-type":"","overlay-color":"","overlay-opacity":"","overlay-gradient":""},"mobile":{"background-color":"var(--ast-global-color-5)","background-image":"","background-repeat":"repeat","background-position":"center center","background-size":"auto","background-attachment":"scroll","background-type":"","background-media":"","overlay-type":"","overlay-color":"","overlay-opacity":"","overlay-gradient":""}},"footnotes":""},"class_list":["post-932","page","type-page","status-publish","hentry"],"yoast_head":"<!-- This site is optimized with the Yoast SEO plugin v25.1 - https:\/\/yoast.com\/wordpress\/plugins\/seo\/ -->\n<title>Hvala-upit - Zlatna bobica<\/title>\n<meta name=\"robots\" content=\"index, follow, max-snippet:-1, max-image-preview:large, max-video-preview:-1\" \/>\n<link rel=\"canonical\" href=\"https:\/\/zlatnabobica.rs\/sr\/hvala-upit\/\" \/>\n<meta property=\"og:locale\" content=\"sr_RS\" \/>\n<meta property=\"og:type\" content=\"article\" \/>\n<meta property=\"og:title\" content=\"Hvala-upit - Zlatna bobica\" \/>\n<meta property=\"og:description\" content=\"Hvala Uspe\u0161no ste poslali upit, o\u010dekujte odgovor u najbr\u017eem mogu\u0107em roku.\" \/>\n<meta property=\"og:url\" content=\"https:\/\/zlatnabobica.rs\/sr\/hvala-upit\/\" \/>\n<meta property=\"og:site_name\" content=\"Zlatna bobica\" \/>\n<meta property=\"article:publisher\" content=\"https:\/\/www.facebook.com\/profile.php?id=61550109895476\" \/>\n<meta property=\"article:modified_time\" content=\"2023-12-01T10:25:09+00:00\" \/>\n<meta name=\"twitter:card\" content=\"summary_large_image\" \/>\n<meta name=\"twitter:label1\" content=\"\u041f\u0440\u043e\u0446\u0435\u045a\u0435\u043d\u043e \u0432\u0440\u0435\u043c\u0435 \u0447\u0438\u0442\u0430\u045a\u0430\" \/>\n\t<meta name=\"twitter:data1\" content=\"1 \u043c\u0438\u043d\u0443\u0442\" \/>\n<script type=\"application\/ld+json\" class=\"yoast-schema-graph\">{\"@context\":\"https:\/\/schema.org\",\"@graph\":[{\"@type\":\"WebPage\",\"@id\":\"https:\/\/zlatnabobica.rs\/hvala-upit\/\",\"url\":\"https:\/\/zlatnabobica.rs\/hvala-upit\/\",\"name\":\"Hvala-upit - Zlatna bobica\",\"isPartOf\":{\"@id\":\"https:\/\/zlatnabobica.rs\/#website\"},\"datePublished\":\"2023-12-01T10:24:06+00:00\",\"dateModified\":\"2023-12-01T10:25:09+00:00\",\"breadcrumb\":{\"@id\":\"https:\/\/zlatnabobica.rs\/hvala-upit\/#breadcrumb\"},\"inLanguage\":\"sr-RS\",\"potentialAction\":[{\"@type\":\"ReadAction\",\"target\":[\"https:\/\/zlatnabobica.rs\/hvala-upit\/\"]}]},{\"@type\":\"BreadcrumbList\",\"@id\":\"https:\/\/zlatnabobica.rs\/hvala-upit\/#breadcrumb\",\"itemListElement\":[{\"@type\":\"ListItem\",\"position\":1,\"name\":\"Home\",\"item\":\"https:\/\/zlatnabobica.rs\/\"},{\"@type\":\"ListItem\",\"position\":2,\"name\":\"Hvala-upit\"}]},{\"@type\":\"WebSite\",\"@id\":\"https:\/\/zlatnabobica.rs\/#website\",\"url\":\"https:\/\/zlatnabobica.rs\/\",\"name\":\"Zlatna bobica\",\"description\":\"premium proizvodi\",\"publisher\":{\"@id\":\"https:\/\/zlatnabobica.rs\/#organization\"},\"potentialAction\":[{\"@type\":\"SearchAction\",\"target\":{\"@type\":\"EntryPoint\",\"urlTemplate\":\"https:\/\/zlatnabobica.rs\/?s={search_term_string}\"},\"query-input\":{\"@type\":\"PropertyValueSpecification\",\"valueRequired\":true,\"valueName\":\"search_term_string\"}}],\"inLanguage\":\"sr-RS\"},{\"@type\":\"Organization\",\"@id\":\"https:\/\/zlatnabobica.rs\/#organization\",\"name\":\"Zlatna bobica\",\"alternateName\":\"ru\u010dno ubrano ru\u010dno pripremljeno\",\"url\":\"https:\/\/zlatnabobica.rs\/\",\"logo\":{\"@type\":\"ImageObject\",\"inLanguage\":\"sr-RS\",\"@id\":\"https:\/\/zlatnabobica.rs\/#\/schema\/logo\/image\/\",\"url\":\"https:\/\/zlatnabobica.rs\/wp-content\/uploads\/2023\/11\/cropped-zlatna_bobica_logo_final_finala_single2.webp\",\"contentUrl\":\"https:\/\/zlatnabobica.rs\/wp-content\/uploads\/2023\/11\/cropped-zlatna_bobica_logo_final_finala_single2.webp\",\"width\":600,\"height\":304,\"caption\":\"Zlatna bobica\"},\"image\":{\"@id\":\"https:\/\/zlatnabobica.rs\/#\/schema\/logo\/image\/\"},\"sameAs\":[\"https:\/\/www.facebook.com\/profile.php?id=61550109895476\",\"https:\/\/www.instagram.com\/zlatna_bobica\/\"]}]}<\/script>\n<!-- \/ Yoast SEO plugin. -->","yoast_head_json":{"title":"Hvala-upit - Zlatna bobica","robots":{"index":"index","follow":"follow","max-snippet":"max-snippet:-1","max-image-preview":"max-image-preview:large","max-video-preview":"max-video-preview:-1"},"canonical":"https:\/\/zlatnabobica.rs\/sr\/hvala-upit\/","og_locale":"sr_RS","og_type":"article","og_title":"Hvala-upit - Zlatna bobica","og_description":"Hvala Uspe\u0161no ste poslali upit, o\u010dekujte odgovor u najbr\u017eem mogu\u0107em roku.","og_url":"https:\/\/zlatnabobica.rs\/sr\/hvala-upit\/","og_site_name":"Zlatna bobica","article_publisher":"https:\/\/www.facebook.com\/profile.php?id=61550109895476","article_modified_time":"2023-12-01T10:25:09+00:00","twitter_card":"summary_large_image","twitter_misc":{"\u041f\u0440\u043e\u0446\u0435\u045a\u0435\u043d\u043e \u0432\u0440\u0435\u043c\u0435 \u0447\u0438\u0442\u0430\u045a\u0430":"1 \u043c\u0438\u043d\u0443\u0442"},"schema":{"@context":"https:\/\/schema.org","@graph":[{"@type":"WebPage","@id":"https:\/\/zlatnabobica.rs\/hvala-upit\/","url":"https:\/\/zlatnabobica.rs\/hvala-upit\/","name":"Hvala-upit - Zlatna bobica","isPartOf":{"@id":"https:\/\/zlatnabobica.rs\/#website"},"datePublished":"2023-12-01T10:24:06+00:00","dateModified":"2023-12-01T10:25:09+00:00","breadcrumb":{"@id":"https:\/\/zlatnabobica.rs\/hvala-upit\/#breadcrumb"},"inLanguage":"sr-RS","potentialAction":[{"@type":"ReadAction","target":["https:\/\/zlatnabobica.rs\/hvala-upit\/"]}]},{"@type":"BreadcrumbList","@id":"https:\/\/zlatnabobica.rs\/hvala-upit\/#breadcrumb","itemListElement":[{"@type":"ListItem","position":1,"name":"Home","item":"https:\/\/zlatnabobica.rs\/"},{"@type":"ListItem","position":2,"name":"Hvala-upit"}]},{"@type":"WebSite","@id":"https:\/\/zlatnabobica.rs\/#website","url":"https:\/\/zlatnabobica.rs\/","name":"Zlatna bobica","description":"premium proizvodi","publisher":{"@id":"https:\/\/zlatnabobica.rs\/#organization"},"potentialAction":[{"@type":"SearchAction","target":{"@type":"EntryPoint","urlTemplate":"https:\/\/zlatnabobica.rs\/?s={search_term_string}"},"query-input":{"@type":"PropertyValueSpecification","valueRequired":true,"valueName":"search_term_string"}}],"inLanguage":"sr-RS"},{"@type":"Organization","@id":"https:\/\/zlatnabobica.rs\/#organization","name":"Zlatna bobica","alternateName":"ru\u010dno ubrano ru\u010dno pripremljeno","url":"https:\/\/zlatnabobica.rs\/","logo":{"@type":"ImageObject","inLanguage":"sr-RS","@id":"https:\/\/zlatnabobica.rs\/#\/schema\/logo\/image\/","url":"https:\/\/zlatnabobica.rs\/wp-content\/uploads\/2023\/11\/cropped-zlatna_bobica_logo_final_finala_single2.webp","contentUrl":"https:\/\/zlatnabobica.rs\/wp-content\/uploads\/2023\/11\/cropped-zlatna_bobica_logo_final_finala_single2.webp","width":600,"height":304,"caption":"Zlatna bobica"},"image":{"@id":"https:\/\/zlatnabobica.rs\/#\/schema\/logo\/image\/"},"sameAs":["https:\/\/www.facebook.com\/profile.php?id=61550109895476","https:\/\/www.instagram.com\/zlatna_bobica\/"]}]}},"_links":{"self":[{"href":"https:\/\/zlatnabobica.rs\/sr\/wp-json\/wp\/v2\/pages\/932","targetHints":{"allow":["GET"]}}],"collection":[{"href":"https:\/\/zlatnabobica.rs\/sr\/wp-json\/wp\/v2\/pages"}],"about":[{"href":"https:\/\/zlatnabobica.rs\/sr\/wp-json\/wp\/v2\/types\/page"}],"author":[{"embeddable":true,"href":"https:\/\/zlatnabobica.rs\/sr\/wp-json\/wp\/v2\/users\/2"}],"replies":[{"embeddable":true,"href":"https:\/\/zlatnabobica.rs\/sr\/wp-json\/wp\/v2\/comments?post=932"}],"version-history":[{"count":4,"href":"https:\/\/zlatnabobica.rs\/sr\/wp-json\/wp\/v2\/pages\/932\/revisions"}],"predecessor-version":[{"id":936,"href":"https:\/\/zlatnabobica.rs\/sr\/wp-json\/wp\/v2\/pages\/932\/revisions\/936"}],"wp:attachment":[{"href":"https:\/\/zlatnabobica.rs\/sr\/wp-json\/wp\/v2\/media?parent=932"}],"curies":[{"name":"wp","href":"https:\/\/api.w.org\/{rel}","templated":true}]}}