{"id":54,"date":"2023-11-22T09:04:18","date_gmt":"2023-11-22T09:04:18","guid":{"rendered":"https:\/\/zlatnabobica.rs\/?page_id=54"},"modified":"2023-12-06T11:22:47","modified_gmt":"2023-12-06T11:22:47","slug":"smrznuta-borovnica","status":"publish","type":"page","link":"https:\/\/zlatnabobica.rs\/sr\/smrznuta-borovnica\/","title":{"rendered":"Smrznuta borovnica"},"content":{"rendered":"<div data-elementor-type=\"wp-page\" data-elementor-id=\"54\" class=\"elementor elementor-54\" data-elementor-settings=\"{&quot;ha_cmc_init_switcher&quot;:&quot;no&quot;}\">\n\t\t\t\t\t\t<section class=\"elementor-section elementor-top-section elementor-element elementor-element-5c83772b elementor-section-content-middle elementor-section-boxed elementor-section-height-default elementor-section-height-default exad-glass-effect-no exad-sticky-section-no\" data-id=\"5c83772b\" data-element_type=\"section\" data-settings=\"{&quot;_ha_eqh_enable&quot;:false}\">\n\t\t\t\t\t\t<div class=\"elementor-container elementor-column-gap-default\">\n\t\t\t\t\t<div class=\"elementor-column elementor-col-100 elementor-top-column elementor-element elementor-element-70d88834 exad-glass-effect-no exad-sticky-section-no\" data-id=\"70d88834\" data-element_type=\"column\">\n\t\t\t<div class=\"elementor-widget-wrap elementor-element-populated\">\n\t\t\t\t\t\t<div class=\"elementor-element elementor-element-8000f02 exad-sticky-section-no exad-glass-effect-no elementor-widget elementor-widget-spacer\" data-id=\"8000f02\" data-element_type=\"widget\" data-widget_type=\"spacer.default\">\n\t\t\t\t<div class=\"elementor-widget-container\">\n\t\t\t\t\t\t\t<div class=\"elementor-spacer\">\n\t\t\t<div class=\"elementor-spacer-inner\"><\/div>\n\t\t<\/div>\n\t\t\t\t\t\t<\/div>\n\t\t\t\t<\/div>\n\t\t\t\t<section class=\"elementor-section elementor-inner-section elementor-element elementor-element-483cc871 elementor-section-content-middle elementor-section-boxed elementor-section-height-default elementor-section-height-default exad-glass-effect-no exad-sticky-section-no\" data-id=\"483cc871\" data-element_type=\"section\" data-settings=\"{&quot;_ha_eqh_enable&quot;:false}\">\n\t\t\t\t\t\t<div class=\"elementor-container elementor-column-gap-default\">\n\t\t\t\t\t<div class=\"elementor-column elementor-col-50 elementor-inner-column elementor-element elementor-element-40b82d22 exad-glass-effect-no exad-sticky-section-no\" data-id=\"40b82d22\" data-element_type=\"column\">\n\t\t\t<div class=\"elementor-widget-wrap elementor-element-populated\">\n\t\t\t\t\t\t<div class=\"elementor-element elementor-element-764bc210 exad-sticky-section-no exad-glass-effect-no elementor-widget elementor-widget-heading\" data-id=\"764bc210\" data-element_type=\"widget\" data-widget_type=\"heading.default\">\n\t\t\t\t<div class=\"elementor-widget-container\">\n\t\t\t\t\t<h1 class=\"elementor-heading-title elementor-size-default\">Smrznuta borovnica<\/h1>\t\t\t\t<\/div>\n\t\t\t\t<\/div>\n\t\t\t\t<div class=\"elementor-element elementor-element-1e84369e elementor-widget-divider--separator-type-pattern elementor-widget-divider--view-line exad-sticky-section-no exad-glass-effect-no elementor-widget elementor-widget-divider\" data-id=\"1e84369e\" data-element_type=\"widget\" data-widget_type=\"divider.default\">\n\t\t\t\t<div class=\"elementor-widget-container\">\n\t\t\t\t\t\t\t<div class=\"elementor-divider\" style=\"--divider-pattern-url: url(&quot;data:image\/svg+xml,%3Csvg xmlns=&#039;http:\/\/www.w3.org\/2000\/svg&#039; preserveAspectRatio=&#039;none&#039; overflow=&#039;visible&#039; height=&#039;100%&#039; viewBox=&#039;0 0 24 24&#039; fill=&#039;black&#039; stroke=&#039;none&#039;%3E%3Cpath d=&#039;M12.7,2.3c-0.4-0.4-1.1-0.4-1.5,0l-8,9.1c-0.3,0.4-0.3,0.9,0,1.2l8,9.1c0.4,0.4,1.1,0.4,1.5,0l8-9.1c0.3-0.4,0.3-0.9,0-1.2L12.7,2.3z&#039;\/%3E%3C\/svg%3E&quot;);\">\n\t\t\t<span class=\"elementor-divider-separator\">\n\t\t\t\t\t\t<\/span>\n\t\t<\/div>\n\t\t\t\t\t\t<\/div>\n\t\t\t\t<\/div>\n\t\t\t\t<div class=\"elementor-element elementor-element-17a5d920 exad-sticky-section-no exad-glass-effect-no elementor-widget elementor-widget-text-editor\" data-id=\"17a5d920\" data-element_type=\"widget\" data-widget_type=\"text-editor.default\">\n\t\t\t\t<div class=\"elementor-widget-container\">\n\t\t\t\t\t\t\t\t\t<p>Smrznuta borovnica predstavlja prakti\u010dnu i dugotrajnu opciju za u\u017eivanje u sve\u017eem vo\u0107u tokom cele godine. Na\u0161a smrznuta borovnica zadr\u017eava autenti\u010dan ukus i hranljive vrednosti, pru\u017eaju\u0107i vam mogu\u0107nost da u svakom trenutku u\u017eivate u ovom bogatom vo\u0107nom iskustvu.<\/p><p>Osim \u0161to je izvor vitamina i antioksidanata, smrznuta borovnica mo\u017ee se koristiti u raznim receptima, dodaju\u0107i notu sve\u017eine i slatko\u0107e va\u0161im omiljenim jelima.<\/p>\t\t\t\t\t\t\t\t<\/div>\n\t\t\t\t<\/div>\n\t\t\t\t\t<\/div>\n\t\t<\/div>\n\t\t\t\t<div class=\"elementor-column elementor-col-50 elementor-inner-column elementor-element elementor-element-1a2f9e80 exad-glass-effect-no exad-sticky-section-no\" data-id=\"1a2f9e80\" data-element_type=\"column\">\n\t\t\t<div class=\"elementor-widget-wrap elementor-element-populated\">\n\t\t\t\t\t\t<div class=\"elementor-element elementor-element-34ffd7e2 exad-sticky-section-no exad-glass-effect-no ha-has-bg-overlay elementor-widget elementor-widget-woolentor-universal-product\" data-id=\"34ffd7e2\" data-element_type=\"widget\" data-widget_type=\"woolentor-universal-product.default\">\n\t\t\t\t<div class=\"elementor-widget-container\">\n\t\t\t\t\t            \n                                                <div class=\"woolentor-product-same-height ht-products woocommerce ht-row\" dir=\"ltr\" data-settings=''  >\n\n                        \n                            <!--Product Start-->\n                            <div class=\"ht-product ht-col-lg-12 ht-col-md-6 ht-col-sm-6 ht-col-xs-12 mb-30 product ht-product-action-style-2 ht-product-action-round ht-product-action-bottom ht-product-ratting-top-right ht-product-countdown-fill\">\n                                <div class=\"ht-product-inner\">\n\n                                    <div class=\"ht-product-image-wrap\">\n                                                                                <div class=\"ht-product-image\">\n                                                                                            <a href=\"https:\/\/zlatnabobica.rs\/sr\/\u043f\u0440\u043e\u0438\u0437\u0432\u043e\u0434\/smrznuta-borovnica-1kg\/\"> \n                                                    <img fetchpriority=\"high\" decoding=\"async\" width=\"400\" height=\"400\" src=\"https:\/\/zlatnabobica.rs\/wp-content\/uploads\/2023\/11\/smrznuta-borovnica-kg-prodaja-400x400.png\" class=\"attachment-woocommerce_thumbnail size-woocommerce_thumbnail\" alt=\"Smrznuta borovnica 1kg\" srcset=\"https:\/\/zlatnabobica.rs\/wp-content\/uploads\/2023\/11\/smrznuta-borovnica-kg-prodaja-400x400.png 400w, https:\/\/zlatnabobica.rs\/wp-content\/uploads\/2023\/11\/smrznuta-borovnica-kg-prodaja-300x300.png 300w, https:\/\/zlatnabobica.rs\/wp-content\/uploads\/2023\/11\/smrznuta-borovnica-kg-prodaja-150x150.png 150w, https:\/\/zlatnabobica.rs\/wp-content\/uploads\/2023\/11\/smrznuta-borovnica-kg-prodaja-768x768.png 768w, https:\/\/zlatnabobica.rs\/wp-content\/uploads\/2023\/11\/smrznuta-borovnica-kg-prodaja-12x12.png 12w, https:\/\/zlatnabobica.rs\/wp-content\/uploads\/2023\/11\/smrznuta-borovnica-kg-prodaja-100x100.png 100w, https:\/\/zlatnabobica.rs\/wp-content\/uploads\/2023\/11\/smrznuta-borovnica-kg-prodaja.png 900w\" sizes=\"(max-width: 400px) 100vw, 400px\" \/> \n                                                <\/a>\n                                            \n                                        <\/div>\n\n                                        \n                                                                                    <div class=\"ht-product-action\">\n                                                <ul class=\"woolentor-action-btn-area woolentor-btn-text-cart\">\n                                                                                                            <li>\n                                                            <a href=\"#\" class=\"woolentorquickview\" data-product_id=\"220\" aria-label=\"Smrznuta borovnica 1kg\">\n                                                                <i class=\"sli sli-magnifier\"><\/i>\n                                                                <span class=\"ht-product-action-tooltip\">Quick View<\/span>\n                                                            <\/a>\n                                                        <\/li>\n                                                                                                                                                                                                                <li class=\"woolentor-cart\"><a href=\"?add-to-cart=220\" aria-describedby=\"woocommerce_loop_add_to_cart_link_describedby_220\" data-quantity=\"1\" class=\"button product_type_simple add_to_cart_button ajax_add_to_cart\" data-product_id=\"220\" data-product_sku=\"\" aria-label=\"\u0414\u043e\u0434\u0430\u0458 \u0443 \u043a\u043e\u0440\u043f\u0443: \u201eSmrznuta borovnica 1kg\u201c\" rel=\"nofollow\" data-success_message=\"\u201cSmrznuta borovnica 1kg\u201d has been added to your cart\" data-no-translation=\"\" data-trp-gettext=\"\" data-no-translation-aria-label=\"\" data-no-translation-data-success_message=\"\">\u0414\u043e\u0434\u0430\u0458 \u0443 \u043a\u043e\u0440\u043f\u0443<\/a>\t<span id=\"woocommerce_loop_add_to_cart_link_describedby_220\" class=\"screen-reader-text\">\n\t\t\t<\/span>\n<\/li>\n                                                <\/ul>\n                                            <\/div>\n                                        \n                                    <\/div>\n\n                                    <div class=\"ht-product-content\">\n                                        <div class=\"ht-product-content-inner\">\n                                            <div class=\"ht-product-categories\"><a href=\"https:\/\/zlatnabobica.rs\/sr\/\u043a\u0430\u0442\u0435\u0433\u043e\u0440\u0438\u0458\u0430-\u043f\u0440\u043e\u0438\u0437\u0432\u043e\u0434\u0430\/smrznuto\/\">Smrznuto<\/a><\/div>\n                                                                                        <h4 class='ht-product-title'><a href='https:\/\/zlatnabobica.rs\/sr\/\u043f\u0440\u043e\u0438\u0437\u0432\u043e\u0434\/smrznuta-borovnica-1kg\/'>Smrznuta borovnica 1kg<\/a><\/h4>                                                                                                                                    <div class=\"ht-product-price\">\n\t<span class=\"price\"><span class=\"woocommerce-Price-amount amount\"><bdi>950&nbsp;<span class=\"woocommerce-Price-currencySymbol\">&#1088;&#1089;&#1076;<\/span><\/bdi><\/span><\/span>\n<\/div>\n                                                                                        <div class=\"ht-product-ratting-wrap\"><\/div>\n\n                                                                                    <\/div>\n                                                                            <\/div>\n\n                                <\/div>\n                            <\/div>\n                            <!--Product End-->\n\n                                            <\/div>\n                            \n            \n        \t\t\t\t<\/div>\n\t\t\t\t<\/div>\n\t\t\t\t\t<\/div>\n\t\t<\/div>\n\t\t\t\t\t<\/div>\n\t\t<\/section>\n\t\t\t\t\t<\/div>\n\t\t<\/div>\n\t\t\t\t\t<\/div>\n\t\t<\/section>\n\t\t\t\t<\/div>","protected":false},"excerpt":{"rendered":"<p>Smrznuta borovnica Smrznuta borovnica predstavlja prakti\u010dnu i dugotrajnu opciju za u\u017eivanje u sve\u017eem vo\u0107u tokom cele godine. Na\u0161a smrznuta borovnica zadr\u017eava autenti\u010dan ukus i hranljive vrednosti, pru\u017eaju\u0107i vam mogu\u0107nost da u svakom trenutku u\u017eivate u ovom bogatom vo\u0107nom iskustvu. Osim \u0161to je izvor vitamina i antioksidanata, smrznuta borovnica mo\u017ee se koristiti u raznim receptima, dodaju\u0107i [&hellip;]<\/p>","protected":false},"author":1,"featured_media":1000,"parent":0,"menu_order":0,"comment_status":"closed","ping_status":"closed","template":"elementor_header_footer","meta":{"site-sidebar-layout":"no-sidebar","site-content-layout":"","ast-site-content-layout":"full-width-container","site-content-style":"default","site-sidebar-style":"default","ast-global-header-display":"","ast-banner-title-visibility":"","ast-main-header-display":"","ast-hfb-above-header-display":"","ast-hfb-below-header-display":"","ast-hfb-mobile-header-display":"","site-post-title":"disabled","ast-breadcrumbs-content":"","ast-featured-img":"disabled","footer-sml-layout":"","theme-transparent-header-meta":"","adv-header-id-meta":"","stick-header-meta":"","header-above-stick-meta":"","header-main-stick-meta":"","header-below-stick-meta":"","astra-migrate-meta-layouts":"default","ast-page-background-enabled":"default","ast-page-background-meta":{"desktop":{"background-color":"var(--ast-global-color-4)","background-image":"","background-repeat":"repeat","background-position":"center center","background-size":"auto","background-attachment":"scroll","background-type":"","background-media":"","overlay-type":"","overlay-color":"","overlay-opacity":"","overlay-gradient":""},"tablet":{"background-color":"","background-image":"","background-repeat":"repeat","background-position":"center center","background-size":"auto","background-attachment":"scroll","background-type":"","background-media":"","overlay-type":"","overlay-color":"","overlay-opacity":"","overlay-gradient":""},"mobile":{"background-color":"","background-image":"","background-repeat":"repeat","background-position":"center center","background-size":"auto","background-attachment":"scroll","background-type":"","background-media":"","overlay-type":"","overlay-color":"","overlay-opacity":"","overlay-gradient":""}},"ast-content-background-meta":{"desktop":{"background-color":"var(--ast-global-color-5)","background-image":"","background-repeat":"repeat","background-position":"center center","background-size":"auto","background-attachment":"scroll","background-type":"","background-media":"","overlay-type":"","overlay-color":"","overlay-opacity":"","overlay-gradient":""},"tablet":{"background-color":"var(--ast-global-color-5)","background-image":"","background-repeat":"repeat","background-position":"center center","background-size":"auto","background-attachment":"scroll","background-type":"","background-media":"","overlay-type":"","overlay-color":"","overlay-opacity":"","overlay-gradient":""},"mobile":{"background-color":"var(--ast-global-color-5)","background-image":"","background-repeat":"repeat","background-position":"center center","background-size":"auto","background-attachment":"scroll","background-type":"","background-media":"","overlay-type":"","overlay-color":"","overlay-opacity":"","overlay-gradient":""}},"footnotes":""},"class_list":["post-54","page","type-page","status-publish","has-post-thumbnail","hentry","desktop-align-center","tablet-align-left","mobile-align-left"],"yoast_head":"<!-- This site is optimized with the Yoast SEO plugin v25.1 - https:\/\/yoast.com\/wordpress\/plugins\/seo\/ -->\n<title>Smrznuta borovnica - Zlatna bobica<\/title>\n<meta name=\"description\" content=\"Smrznuta borovnica predstavlja prakti\u010dnu i dugotrajnu opciju za u\u017eivanje u sve\u017eem vo\u0107u tokom cele godine. Na\u0161a smrznuta borovnica zadr\u017eava autenti\u010dan ukus i hranljive vrednosti, pru\u017eaju\u0107i vam mogu\u0107nost da u svakom trenutku u\u017eivate u ovom bogatom vo\u0107nom iskustvu.\" \/>\n<meta name=\"robots\" content=\"index, follow, max-snippet:-1, max-image-preview:large, max-video-preview:-1\" \/>\n<link rel=\"canonical\" href=\"https:\/\/zlatnabobica.rs\/sr\/smrznuta-borovnica\/\" \/>\n<meta property=\"og:locale\" content=\"sr_RS\" \/>\n<meta property=\"og:type\" content=\"article\" \/>\n<meta property=\"og:title\" content=\"Smrznuta borovnica - Zlatna bobica\" \/>\n<meta property=\"og:description\" content=\"Smrznuta borovnica predstavlja prakti\u010dnu i dugotrajnu opciju za u\u017eivanje u sve\u017eem vo\u0107u tokom cele godine. Na\u0161a smrznuta borovnica zadr\u017eava autenti\u010dan ukus i hranljive vrednosti, pru\u017eaju\u0107i vam mogu\u0107nost da u svakom trenutku u\u017eivate u ovom bogatom vo\u0107nom iskustvu.\" \/>\n<meta property=\"og:url\" content=\"https:\/\/zlatnabobica.rs\/sr\/smrznuta-borovnica\/\" \/>\n<meta property=\"og:site_name\" content=\"Zlatna bobica\" \/>\n<meta property=\"article:publisher\" content=\"https:\/\/www.facebook.com\/profile.php?id=61550109895476\" \/>\n<meta property=\"article:modified_time\" content=\"2023-12-06T11:22:47+00:00\" \/>\n<meta property=\"og:image\" content=\"https:\/\/zlatnabobica.rs\/wp-content\/uploads\/2023\/12\/smrznute-borovnice.jpg\" \/>\n\t<meta property=\"og:image:width\" content=\"780\" \/>\n\t<meta property=\"og:image:height\" content=\"438\" \/>\n\t<meta property=\"og:image:type\" content=\"image\/jpeg\" \/>\n<meta name=\"twitter:card\" content=\"summary_large_image\" \/>\n<meta name=\"twitter:label1\" content=\"\u041f\u0440\u043e\u0446\u0435\u045a\u0435\u043d\u043e \u0432\u0440\u0435\u043c\u0435 \u0447\u0438\u0442\u0430\u045a\u0430\" \/>\n\t<meta name=\"twitter:data1\" content=\"1 \u043c\u0438\u043d\u0443\u0442\" \/>\n<script type=\"application\/ld+json\" class=\"yoast-schema-graph\">{\"@context\":\"https:\/\/schema.org\",\"@graph\":[{\"@type\":\"WebPage\",\"@id\":\"https:\/\/zlatnabobica.rs\/smrznuta-borovnica\/\",\"url\":\"https:\/\/zlatnabobica.rs\/smrznuta-borovnica\/\",\"name\":\"Smrznuta borovnica - Zlatna bobica\",\"isPartOf\":{\"@id\":\"https:\/\/zlatnabobica.rs\/#website\"},\"primaryImageOfPage\":{\"@id\":\"https:\/\/zlatnabobica.rs\/smrznuta-borovnica\/#primaryimage\"},\"image\":{\"@id\":\"https:\/\/zlatnabobica.rs\/smrznuta-borovnica\/#primaryimage\"},\"thumbnailUrl\":\"https:\/\/zlatnabobica.rs\/wp-content\/uploads\/2023\/12\/smrznute-borovnice.jpg\",\"datePublished\":\"2023-11-22T09:04:18+00:00\",\"dateModified\":\"2023-12-06T11:22:47+00:00\",\"description\":\"Smrznuta borovnica predstavlja prakti\u010dnu i dugotrajnu opciju za u\u017eivanje u sve\u017eem vo\u0107u tokom cele godine. Na\u0161a smrznuta borovnica zadr\u017eava autenti\u010dan ukus i hranljive vrednosti, pru\u017eaju\u0107i vam mogu\u0107nost da u svakom trenutku u\u017eivate u ovom bogatom vo\u0107nom iskustvu.\",\"breadcrumb\":{\"@id\":\"https:\/\/zlatnabobica.rs\/smrznuta-borovnica\/#breadcrumb\"},\"inLanguage\":\"sr-RS\",\"potentialAction\":[{\"@type\":\"ReadAction\",\"target\":[\"https:\/\/zlatnabobica.rs\/smrznuta-borovnica\/\"]}]},{\"@type\":\"ImageObject\",\"inLanguage\":\"sr-RS\",\"@id\":\"https:\/\/zlatnabobica.rs\/smrznuta-borovnica\/#primaryimage\",\"url\":\"https:\/\/zlatnabobica.rs\/wp-content\/uploads\/2023\/12\/smrznute-borovnice.jpg\",\"contentUrl\":\"https:\/\/zlatnabobica.rs\/wp-content\/uploads\/2023\/12\/smrznute-borovnice.jpg\",\"width\":780,\"height\":438,\"caption\":\"Fresh frozen blueberries\"},{\"@type\":\"BreadcrumbList\",\"@id\":\"https:\/\/zlatnabobica.rs\/smrznuta-borovnica\/#breadcrumb\",\"itemListElement\":[{\"@type\":\"ListItem\",\"position\":1,\"name\":\"Home\",\"item\":\"https:\/\/zlatnabobica.rs\/\"},{\"@type\":\"ListItem\",\"position\":2,\"name\":\"Smrznuta borovnica\"}]},{\"@type\":\"WebSite\",\"@id\":\"https:\/\/zlatnabobica.rs\/#website\",\"url\":\"https:\/\/zlatnabobica.rs\/\",\"name\":\"Zlatna bobica\",\"description\":\"premium proizvodi\",\"publisher\":{\"@id\":\"https:\/\/zlatnabobica.rs\/#organization\"},\"potentialAction\":[{\"@type\":\"SearchAction\",\"target\":{\"@type\":\"EntryPoint\",\"urlTemplate\":\"https:\/\/zlatnabobica.rs\/?s={search_term_string}\"},\"query-input\":{\"@type\":\"PropertyValueSpecification\",\"valueRequired\":true,\"valueName\":\"search_term_string\"}}],\"inLanguage\":\"sr-RS\"},{\"@type\":\"Organization\",\"@id\":\"https:\/\/zlatnabobica.rs\/#organization\",\"name\":\"Zlatna bobica\",\"alternateName\":\"ru\u010dno ubrano ru\u010dno pripremljeno\",\"url\":\"https:\/\/zlatnabobica.rs\/\",\"logo\":{\"@type\":\"ImageObject\",\"inLanguage\":\"sr-RS\",\"@id\":\"https:\/\/zlatnabobica.rs\/#\/schema\/logo\/image\/\",\"url\":\"https:\/\/zlatnabobica.rs\/wp-content\/uploads\/2023\/11\/cropped-zlatna_bobica_logo_final_finala_single2.webp\",\"contentUrl\":\"https:\/\/zlatnabobica.rs\/wp-content\/uploads\/2023\/11\/cropped-zlatna_bobica_logo_final_finala_single2.webp\",\"width\":600,\"height\":304,\"caption\":\"Zlatna bobica\"},\"image\":{\"@id\":\"https:\/\/zlatnabobica.rs\/#\/schema\/logo\/image\/\"},\"sameAs\":[\"https:\/\/www.facebook.com\/profile.php?id=61550109895476\",\"https:\/\/www.instagram.com\/zlatna_bobica\/\"]}]}<\/script>\n<!-- \/ Yoast SEO plugin. -->","yoast_head_json":{"title":"Smrznuta borovnica - Zlatna bobica","description":"Smrznuta borovnica predstavlja prakti\u010dnu i dugotrajnu opciju za u\u017eivanje u sve\u017eem vo\u0107u tokom cele godine. Na\u0161a smrznuta borovnica zadr\u017eava autenti\u010dan ukus i hranljive vrednosti, pru\u017eaju\u0107i vam mogu\u0107nost da u svakom trenutku u\u017eivate u ovom bogatom vo\u0107nom iskustvu.","robots":{"index":"index","follow":"follow","max-snippet":"max-snippet:-1","max-image-preview":"max-image-preview:large","max-video-preview":"max-video-preview:-1"},"canonical":"https:\/\/zlatnabobica.rs\/sr\/smrznuta-borovnica\/","og_locale":"sr_RS","og_type":"article","og_title":"Smrznuta borovnica - Zlatna bobica","og_description":"Smrznuta borovnica predstavlja prakti\u010dnu i dugotrajnu opciju za u\u017eivanje u sve\u017eem vo\u0107u tokom cele godine. Na\u0161a smrznuta borovnica zadr\u017eava autenti\u010dan ukus i hranljive vrednosti, pru\u017eaju\u0107i vam mogu\u0107nost da u svakom trenutku u\u017eivate u ovom bogatom vo\u0107nom iskustvu.","og_url":"https:\/\/zlatnabobica.rs\/sr\/smrznuta-borovnica\/","og_site_name":"Zlatna bobica","article_publisher":"https:\/\/www.facebook.com\/profile.php?id=61550109895476","article_modified_time":"2023-12-06T11:22:47+00:00","og_image":[{"width":780,"height":438,"url":"https:\/\/zlatnabobica.rs\/wp-content\/uploads\/2023\/12\/smrznute-borovnice.jpg","type":"image\/jpeg"}],"twitter_card":"summary_large_image","twitter_misc":{"\u041f\u0440\u043e\u0446\u0435\u045a\u0435\u043d\u043e \u0432\u0440\u0435\u043c\u0435 \u0447\u0438\u0442\u0430\u045a\u0430":"1 \u043c\u0438\u043d\u0443\u0442"},"schema":{"@context":"https:\/\/schema.org","@graph":[{"@type":"WebPage","@id":"https:\/\/zlatnabobica.rs\/smrznuta-borovnica\/","url":"https:\/\/zlatnabobica.rs\/smrznuta-borovnica\/","name":"Smrznuta borovnica - Zlatna bobica","isPartOf":{"@id":"https:\/\/zlatnabobica.rs\/#website"},"primaryImageOfPage":{"@id":"https:\/\/zlatnabobica.rs\/smrznuta-borovnica\/#primaryimage"},"image":{"@id":"https:\/\/zlatnabobica.rs\/smrznuta-borovnica\/#primaryimage"},"thumbnailUrl":"https:\/\/zlatnabobica.rs\/wp-content\/uploads\/2023\/12\/smrznute-borovnice.jpg","datePublished":"2023-11-22T09:04:18+00:00","dateModified":"2023-12-06T11:22:47+00:00","description":"Smrznuta borovnica predstavlja prakti\u010dnu i dugotrajnu opciju za u\u017eivanje u sve\u017eem vo\u0107u tokom cele godine. Na\u0161a smrznuta borovnica zadr\u017eava autenti\u010dan ukus i hranljive vrednosti, pru\u017eaju\u0107i vam mogu\u0107nost da u svakom trenutku u\u017eivate u ovom bogatom vo\u0107nom iskustvu.","breadcrumb":{"@id":"https:\/\/zlatnabobica.rs\/smrznuta-borovnica\/#breadcrumb"},"inLanguage":"sr-RS","potentialAction":[{"@type":"ReadAction","target":["https:\/\/zlatnabobica.rs\/smrznuta-borovnica\/"]}]},{"@type":"ImageObject","inLanguage":"sr-RS","@id":"https:\/\/zlatnabobica.rs\/smrznuta-borovnica\/#primaryimage","url":"https:\/\/zlatnabobica.rs\/wp-content\/uploads\/2023\/12\/smrznute-borovnice.jpg","contentUrl":"https:\/\/zlatnabobica.rs\/wp-content\/uploads\/2023\/12\/smrznute-borovnice.jpg","width":780,"height":438,"caption":"Fresh frozen blueberries"},{"@type":"BreadcrumbList","@id":"https:\/\/zlatnabobica.rs\/smrznuta-borovnica\/#breadcrumb","itemListElement":[{"@type":"ListItem","position":1,"name":"Home","item":"https:\/\/zlatnabobica.rs\/"},{"@type":"ListItem","position":2,"name":"Smrznuta borovnica"}]},{"@type":"WebSite","@id":"https:\/\/zlatnabobica.rs\/#website","url":"https:\/\/zlatnabobica.rs\/","name":"Zlatna bobica","description":"premium proizvodi","publisher":{"@id":"https:\/\/zlatnabobica.rs\/#organization"},"potentialAction":[{"@type":"SearchAction","target":{"@type":"EntryPoint","urlTemplate":"https:\/\/zlatnabobica.rs\/?s={search_term_string}"},"query-input":{"@type":"PropertyValueSpecification","valueRequired":true,"valueName":"search_term_string"}}],"inLanguage":"sr-RS"},{"@type":"Organization","@id":"https:\/\/zlatnabobica.rs\/#organization","name":"Zlatna bobica","alternateName":"ru\u010dno ubrano ru\u010dno pripremljeno","url":"https:\/\/zlatnabobica.rs\/","logo":{"@type":"ImageObject","inLanguage":"sr-RS","@id":"https:\/\/zlatnabobica.rs\/#\/schema\/logo\/image\/","url":"https:\/\/zlatnabobica.rs\/wp-content\/uploads\/2023\/11\/cropped-zlatna_bobica_logo_final_finala_single2.webp","contentUrl":"https:\/\/zlatnabobica.rs\/wp-content\/uploads\/2023\/11\/cropped-zlatna_bobica_logo_final_finala_single2.webp","width":600,"height":304,"caption":"Zlatna bobica"},"image":{"@id":"https:\/\/zlatnabobica.rs\/#\/schema\/logo\/image\/"},"sameAs":["https:\/\/www.facebook.com\/profile.php?id=61550109895476","https:\/\/www.instagram.com\/zlatna_bobica\/"]}]}},"_links":{"self":[{"href":"https:\/\/zlatnabobica.rs\/sr\/wp-json\/wp\/v2\/pages\/54","targetHints":{"allow":["GET"]}}],"collection":[{"href":"https:\/\/zlatnabobica.rs\/sr\/wp-json\/wp\/v2\/pages"}],"about":[{"href":"https:\/\/zlatnabobica.rs\/sr\/wp-json\/wp\/v2\/types\/page"}],"author":[{"embeddable":true,"href":"https:\/\/zlatnabobica.rs\/sr\/wp-json\/wp\/v2\/users\/1"}],"replies":[{"embeddable":true,"href":"https:\/\/zlatnabobica.rs\/sr\/wp-json\/wp\/v2\/comments?post=54"}],"version-history":[{"count":23,"href":"https:\/\/zlatnabobica.rs\/sr\/wp-json\/wp\/v2\/pages\/54\/revisions"}],"predecessor-version":[{"id":1276,"href":"https:\/\/zlatnabobica.rs\/sr\/wp-json\/wp\/v2\/pages\/54\/revisions\/1276"}],"wp:featuredmedia":[{"embeddable":true,"href":"https:\/\/zlatnabobica.rs\/sr\/wp-json\/wp\/v2\/media\/1000"}],"wp:attachment":[{"href":"https:\/\/zlatnabobica.rs\/sr\/wp-json\/wp\/v2\/media?parent=54"}],"curies":[{"name":"wp","href":"https:\/\/api.w.org\/{rel}","templated":true}]}}